{"id":3238,"date":"2019-03-18T16:13:36","date_gmt":"2019-03-18T16:13:36","guid":{"rendered":"https:\/\/verges.design\/?page_id=3238"},"modified":"2019-03-18T16:14:39","modified_gmt":"2019-03-18T16:14:39","slug":"politique-de-cookies","status":"publish","type":"page","link":"https:\/\/verges.design\/fr\/politique-de-cookies\/","title":{"rendered":"Politique de cookies"},"content":{"rendered":"<p>Nous utilisons nos propres\u00a0cookies\u00a0et ceux de tiers pour am\u00e9liorer l&rsquo;exp\u00e9rience de l&rsquo;utilisateur gr\u00e2ce \u00e0 votre navigation sur notre site. Si vous poursuivez votre navigation, vous acceptez leur utilisation.<\/p>\n<p>Conform\u00e9ment aux dispositions de l&rsquo;article 22.2 de la loi n\u00ba 34\/2002 du 11 juillet 2004 de services de la soci\u00e9t\u00e9 d&rsquo;information et du commerce \u00e9lectronique, verges.design informe dans cette section, sur la politique de collecte et de traitement des\u00a0cookies.<br \/>\nEn acc\u00e9dant \u00e0 ce site web, vous avez \u00e9t\u00e9 averti de l&rsquo;utilisation de\u00a0cookies\u00a0par un avertissement ou une alerte. Si vous avez acc\u00e9d\u00e9 et poursuivi votre navigation, vous acceptez l&rsquo;installation de ces\u00a0cookies.<\/p>\n<h2>Que sont les cookies?<\/h2>\n<p>Un\u00a0cookie\u00a0est un fichier qui est t\u00e9l\u00e9charg\u00e9 sur votre ordinateur lors de l&rsquo;acc\u00e8s \u00e0 certaines pages web. Les\u00a0cookies\u00a0permettent entre autre, \u00e0 une page web, de stocker et r\u00e9cup\u00e9rer des informations sur les habitudes de navigation de l&rsquo;utilisateur. Selon les informations qu&rsquo;il contient et la mani\u00e8re d&rsquo;utilisation de son ordinateur, ils peuvent \u00eatre utilis\u00e9s pour reconna\u00eetre les utilisateurs.<\/p>\n<h2>Quels types de cookies cette page web utilise-t-elle?<\/h2>\n<p>SILLERA VERGES S.A utilise les types de cookies suivants :<\/p>\n<p>Cookies\u00a0d&rsquo;analyse : Ce sont ceux qui, correctement trait\u00e9s par nos soins ou par le biais d&rsquo;un tiers, nous permettent de quantifier le nombre d&rsquo;utilisateurs et d&rsquo;effectuer ainsi la mesure et l&rsquo;analyse statistique de l&rsquo;utilisation faite par les utilisateurs du service offert. Pour ce faire, nous analysons votre navigation sur notre site afin d&rsquo;am\u00e9liorer l&rsquo;offre de produits ou services que nous vous proposons.<\/p>\n<p>Cookies\u00a0techniques : Ce sont ceux qui permettent \u00e0 l&rsquo;utilisateur de naviguer dans la zone de l&rsquo;Espace client et d&rsquo;utiliser ses diff\u00e8rentes fonctions, telles que, par exemple, le processus d&rsquo;achat d&rsquo;un article.<\/p>\n<p>Cookies\u00a0de personnalisation : Ce sont ceux qui permettent \u00e0 l&rsquo;utilisateur d&rsquo;acc\u00e9der au service de caract\u00e9ristiques g\u00e9n\u00e9rales pr\u00e9d\u00e9finies selon une s\u00e9rie de crit\u00e8res du terminal de l&rsquo;utilisateur, tels que la langue ou le type de navigateur par lequel l&rsquo;utilisateur se connecte au service.<\/p>\n<p>Cookies\u00a0publicitaires : Ce sont ceux qui, correctement trait\u00e9s par ce site web ou par le biais d&rsquo;un tiers, permettent de g\u00e9rer de la fa\u00e7on la plus efficace possible, l&rsquo;offre des espaces publicitaires figurant sur le site web. en adaptant le contenu de l&rsquo;annonce au contenu du service demand\u00e9, ou \u00e0 l&rsquo;utilisation que vous faites de notre page web. Pour cela, nous pouvons analyser vos habitudes de navigation sur internet et vous proposer des publicit\u00e9s en rapport avec votre profil de navigation.<\/p>\n<p>COOKIES\u00a0DE PUBLICIT\u00c9 COMPORTEMENTALE : Ce sont ceux qui permettent la gestion, de la mani\u00e8re la plus efficace possible, des espaces publicitaires que l&rsquo;\u00e9diteur a inclus, le cas \u00e9ch\u00e9ant, dans une page web, une application ou une plate-forme \u00e0 partir de laquelle le service demand\u00e9 est fourni. Ce type de\u00a0cookies\u00a0stocke des informations sur le comportement des visiteurs obtenues gr\u00e2ce \u00e0 l&rsquo;observation continue de leurs habitudes de navigation, permettant le d\u00e9veloppement d&rsquo;un profil sp\u00e9cifique pour afficher des publicit\u00e9s bas\u00e9es sur celui-ci.<\/p>\n<h2>D\u00e9sactiver les cookies<\/h2>\n<p>L&rsquo;utilisateur peut autoriser, bloquer ou \u00e9liminer les\u00a0cookies\u00a0install\u00e9s sur son ordinateur en configurant les options du navigateur install\u00e9 sur son ordinateur.<br \/>\nDans la plupart des navigateurs web, la possibilit\u00e9 d&rsquo;autoriser, de bloquer ou \u00e9liminer les\u00a0cookies\u00a0install\u00e9s sur votre ordinateur est possible.<br \/>\nVous pouvez ensuite acc\u00e9der \u00e0 la configuration des navigateurs web les plus fr\u00e9quents pour accepter, installer ou d\u00e9sactiver les\u00a0cookies.<\/p>\n<ul>\n<li><a href=\"https:\/\/support.google.com\/chrome\/answer\/95647?hl=es\" target=\"_blank\" rel=\"noopener noreferrer\"> D\u00e9finir les\u00a0cookies\u00a0dans Google Chrome <\/a><\/li>\n<li><a href=\"https:\/\/www.modelosycontratos.com\/politica-de-cookies\/Configurar%20cookies%20en%20Microsoft%20Internet%20Explorer\" target=\"_blank\" rel=\"noopener noreferrer\"> D\u00e9finir les\u00a0cookies\u00a0dans Microsoft Internet Explorer<\/a><\/li>\n<li><a href=\"https:\/\/support.mozilla.org\/es\/kb\/habilitar-y-deshabilitar-cookies-sitios-web-rastrear-preferencias?redirectlocale=es&amp;redirectslug=habilitar-y-deshabilitar-cookies-que-los-sitios-we\" target=\"_blank\" rel=\"noopener noreferrer\"> Configurer les\u00a0cookies\u00a0dans Mozilla Firefox <\/a><\/li>\n<li><a href=\"http:\/\/Configurar\u00a0cookies\u00a0en Safari (Apple)\" target=\"_blank\" rel=\"noopener noreferrer\"> D\u00e9finir les\u00a0cookies\u00a0dans Safari (Apple) <\/a><\/li>\n<\/ul>\n<h2>Cookies de tiers<\/h2>\n<p>Silleria Verg\u00e9s S.A utilise des services tiers pour collecter des informations \u00e0 des fins statistiques et pour l&rsquo;utilisation du site web. Les\u00a0cookies\u00a0DoubleClick sont utilis\u00e9s pour am\u00e9liorer la plublicit\u00e9 incluse dans le site web. Ils servent \u00e0 orienter la publicit\u00e9 en fonction du contenu pertinent pour un utilisateur, am\u00e9liorant la qualit\u00e9 de l&rsquo;exp\u00e9rience acquise lors de son utilisation.<\/p>\n<p>Concr\u00e9tement, nous utilisons les services de Google Adsense et Google Analytics pour nos statistiques et publicit\u00e9. Certains\u00a0cookies\u00a0sont essentiels au fonctionnement du site comme par exemple, le moteur de recherche int\u00e9gr\u00e9.<\/p>\n<p>Notre site comprend d&rsquo;autres fonctionnalit\u00e9s fournies par des tiers. L&rsquo;utilisateur peut facilement partager le contenu sur des r\u00e9seaux sociaux tels que Facebook, Twitter, ou Google +, avec les boutons que nous avons inclus \u00e0 cet effet.<\/p>\n<h2>Avertissement sur l&rsquo;\u00e9limination de cookies<\/h2>\n<p>L&rsquo;utilisateur peut supprimer et bloquer tous les\u00a0cookies\u00a0de ce site, mais une partie du site ne fonctionnera pas, ou la qualit\u00e9 du site et du contenu pourrait en \u00eatre affect\u00e9e.<\/p>\n","protected":false},"excerpt":{"rendered":"<p>Nous utilisons nos propres\u00a0cookies\u00a0et ceux de tiers pour am\u00e9liorer l&rsquo;exp\u00e9rience de l&rsquo;utilisateur gr\u00e2ce \u00e0 votre navigation sur notre site. Si vous poursuivez votre navigation, vous acceptez leur utilisation. Conform\u00e9ment aux dispositions de l&rsquo;article 22.2 de la loi n\u00ba 34\/2002 du 11 juillet 2004 de services de la soci\u00e9t\u00e9 d&rsquo;information et du commerce \u00e9lectronique, verges.design informe [&hellip;]<\/p>\n","protected":false},"author":3,"featured_media":0,"parent":0,"menu_order":0,"comment_status":"closed","ping_status":"closed","template":"templates\/text.php","meta":{"_acf_changed":false,"footnotes":""},"class_list":["post-3238","page","type-page","status-publish","hentry"],"acf":[],"yoast_head":"<!-- This site is optimized with the Yoast SEO plugin v25.6 - https:\/\/yoast.com\/wordpress\/plugins\/seo\/ -->\n<title>Politique de cookies - Verg\u00e9s<\/title>\n<meta name=\"robots\" content=\"index, follow, max-snippet:-1, max-image-preview:large, max-video-preview:-1\" \/>\n<link rel=\"canonical\" href=\"https:\/\/verges.design\/fr\/politique-de-cookies\/\" \/>\n<meta property=\"og:locale\" content=\"fr_FR\" \/>\n<meta property=\"og:type\" content=\"article\" \/>\n<meta property=\"og:title\" content=\"Politique de cookies - Verg\u00e9s\" \/>\n<meta property=\"og:description\" content=\"Nous utilisons nos propres\u00a0cookies\u00a0et ceux de tiers pour am\u00e9liorer l&rsquo;exp\u00e9rience de l&rsquo;utilisateur gr\u00e2ce \u00e0 votre navigation sur notre site. Si vous poursuivez votre navigation, vous acceptez leur utilisation. Conform\u00e9ment aux dispositions de l&rsquo;article 22.2 de la loi n\u00ba 34\/2002 du 11 juillet 2004 de services de la soci\u00e9t\u00e9 d&rsquo;information et du commerce \u00e9lectronique, verges.design informe [&hellip;]\" \/>\n<meta property=\"og:url\" content=\"https:\/\/verges.design\/fr\/politique-de-cookies\/\" \/>\n<meta property=\"og:site_name\" content=\"Verg\u00e9s\" \/>\n<meta property=\"article:modified_time\" content=\"2019-03-18T16:14:39+00:00\" \/>\n<meta name=\"twitter:card\" content=\"summary_large_image\" \/>\n<meta name=\"twitter:label1\" content=\"Dur\u00e9e de lecture estim\u00e9e\" \/>\n\t<meta name=\"twitter:data1\" content=\"4 minutes\" \/>\n<script type=\"application\/ld+json\" class=\"yoast-schema-graph\">{\"@context\":\"https:\/\/schema.org\",\"@graph\":[{\"@type\":\"WebPage\",\"@id\":\"https:\/\/verges.design\/fr\/politique-de-cookies\/\",\"url\":\"https:\/\/verges.design\/fr\/politique-de-cookies\/\",\"name\":\"Politique de cookies - Verg\u00e9s\",\"isPartOf\":{\"@id\":\"https:\/\/verges.design\/fr\/#website\"},\"datePublished\":\"2019-03-18T16:13:36+00:00\",\"dateModified\":\"2019-03-18T16:14:39+00:00\",\"breadcrumb\":{\"@id\":\"https:\/\/verges.design\/fr\/politique-de-cookies\/#breadcrumb\"},\"inLanguage\":\"fr-FR\",\"potentialAction\":[{\"@type\":\"ReadAction\",\"target\":[\"https:\/\/verges.design\/fr\/politique-de-cookies\/\"]}]},{\"@type\":\"BreadcrumbList\",\"@id\":\"https:\/\/verges.design\/fr\/politique-de-cookies\/#breadcrumb\",\"itemListElement\":[{\"@type\":\"ListItem\",\"position\":1,\"name\":\"Home\",\"item\":\"https:\/\/verges.design\/fr\/\"},{\"@type\":\"ListItem\",\"position\":2,\"name\":\"Politique de cookies\"}]},{\"@type\":\"WebSite\",\"@id\":\"https:\/\/verges.design\/fr\/#website\",\"url\":\"https:\/\/verges.design\/fr\/\",\"name\":\"Verg\u00e9s\",\"description\":\"Las sillas y muebles Verg\u00e9s son el resultado de la conjunci\u00f3n de experiencia, vocaci\u00f3n, calidad y dise\u00f1o. Creamos muebles de dise\u00f1o para contract.\",\"potentialAction\":[{\"@type\":\"SearchAction\",\"target\":{\"@type\":\"EntryPoint\",\"urlTemplate\":\"https:\/\/verges.design\/fr\/?s={search_term_string}\"},\"query-input\":{\"@type\":\"PropertyValueSpecification\",\"valueRequired\":true,\"valueName\":\"search_term_string\"}}],\"inLanguage\":\"fr-FR\"}]}<\/script>\n<!-- \/ Yoast SEO plugin. -->","yoast_head_json":{"title":"Politique de cookies - Verg\u00e9s","robots":{"index":"index","follow":"follow","max-snippet":"max-snippet:-1","max-image-preview":"max-image-preview:large","max-video-preview":"max-video-preview:-1"},"canonical":"https:\/\/verges.design\/fr\/politique-de-cookies\/","og_locale":"fr_FR","og_type":"article","og_title":"Politique de cookies - Verg\u00e9s","og_description":"Nous utilisons nos propres\u00a0cookies\u00a0et ceux de tiers pour am\u00e9liorer l&rsquo;exp\u00e9rience de l&rsquo;utilisateur gr\u00e2ce \u00e0 votre navigation sur notre site. Si vous poursuivez votre navigation, vous acceptez leur utilisation. Conform\u00e9ment aux dispositions de l&rsquo;article 22.2 de la loi n\u00ba 34\/2002 du 11 juillet 2004 de services de la soci\u00e9t\u00e9 d&rsquo;information et du commerce \u00e9lectronique, verges.design informe [&hellip;]","og_url":"https:\/\/verges.design\/fr\/politique-de-cookies\/","og_site_name":"Verg\u00e9s","article_modified_time":"2019-03-18T16:14:39+00:00","twitter_card":"summary_large_image","twitter_misc":{"Dur\u00e9e de lecture estim\u00e9e":"4 minutes"},"schema":{"@context":"https:\/\/schema.org","@graph":[{"@type":"WebPage","@id":"https:\/\/verges.design\/fr\/politique-de-cookies\/","url":"https:\/\/verges.design\/fr\/politique-de-cookies\/","name":"Politique de cookies - Verg\u00e9s","isPartOf":{"@id":"https:\/\/verges.design\/fr\/#website"},"datePublished":"2019-03-18T16:13:36+00:00","dateModified":"2019-03-18T16:14:39+00:00","breadcrumb":{"@id":"https:\/\/verges.design\/fr\/politique-de-cookies\/#breadcrumb"},"inLanguage":"fr-FR","potentialAction":[{"@type":"ReadAction","target":["https:\/\/verges.design\/fr\/politique-de-cookies\/"]}]},{"@type":"BreadcrumbList","@id":"https:\/\/verges.design\/fr\/politique-de-cookies\/#breadcrumb","itemListElement":[{"@type":"ListItem","position":1,"name":"Home","item":"https:\/\/verges.design\/fr\/"},{"@type":"ListItem","position":2,"name":"Politique de cookies"}]},{"@type":"WebSite","@id":"https:\/\/verges.design\/fr\/#website","url":"https:\/\/verges.design\/fr\/","name":"Verg\u00e9s","description":"Las sillas y muebles Verg\u00e9s son el resultado de la conjunci\u00f3n de experiencia, vocaci\u00f3n, calidad y dise\u00f1o. Creamos muebles de dise\u00f1o para contract.","potentialAction":[{"@type":"SearchAction","target":{"@type":"EntryPoint","urlTemplate":"https:\/\/verges.design\/fr\/?s={search_term_string}"},"query-input":{"@type":"PropertyValueSpecification","valueRequired":true,"valueName":"search_term_string"}}],"inLanguage":"fr-FR"}]}},"_links":{"self":[{"href":"https:\/\/verges.design\/fr\/wp-json\/wp\/v2\/pages\/3238"}],"collection":[{"href":"https:\/\/verges.design\/fr\/wp-json\/wp\/v2\/pages"}],"about":[{"href":"https:\/\/verges.design\/fr\/wp-json\/wp\/v2\/types\/page"}],"author":[{"embeddable":true,"href":"https:\/\/verges.design\/fr\/wp-json\/wp\/v2\/users\/3"}],"replies":[{"embeddable":true,"href":"https:\/\/verges.design\/fr\/wp-json\/wp\/v2\/comments?post=3238"}],"version-history":[{"count":3,"href":"https:\/\/verges.design\/fr\/wp-json\/wp\/v2\/pages\/3238\/revisions"}],"predecessor-version":[{"id":3244,"href":"https:\/\/verges.design\/fr\/wp-json\/wp\/v2\/pages\/3238\/revisions\/3244"}],"wp:attachment":[{"href":"https:\/\/verges.design\/fr\/wp-json\/wp\/v2\/media?parent=3238"}],"curies":[{"name":"wp","href":"https:\/\/api.w.org\/{rel}","templated":true}]}}