{"id":2698,"date":"2019-01-10T15:50:40","date_gmt":"2019-01-10T15:50:40","guid":{"rendered":"https:\/\/verges.design\/privacy-policy\/"},"modified":"2019-03-18T12:24:19","modified_gmt":"2019-03-18T12:24:19","slug":"privacy-policy","status":"publish","type":"page","link":"https:\/\/verges.design\/fr\/privacy-policy\/","title":{"rendered":"Privacy Policy"},"content":{"rendered":"<p>Si vous \u00eates arriv\u00e9 i\u00e7i, c\u2019est que vous vouliez en savoir plus sur vos obligations et droits en tant qu\u2019utilisateur du site https:\/\/verges.design et c\u2019est une tr\u00e8s bonne initiative. Notre devoir est de vous informer et le votre est d\u2019\u00eatre correctement inform\u00e9.<\/p>\n<p>Dans cette politique de confidentialit\u00e9, nous vous informerons avec une compl\u00e8te transparence sur la finalit\u00e9 de ce site web et tout ce qui affecte les donn\u00e9es que vous nous transmettez, comme les obligations et droits qui vous correspondent.<\/p>\n<p>Pour commencer, vous devez savoir que ce site web s\u2019adapte \u00e0 la l\u00e9gislation actuelle en relation avec la protection de donn\u00e9es, ce qui affecte les coordonn\u00e9es personnelles que vous nous facilitez, avec votre consentement expr\u00e8s, et aux cookies que nous utilisons pour que ce site fonctionne correctement et puisse d\u00e9velopper son activit\u00e9.<\/p>\n<p>Concr\u00e9tement, ce site web s\u2019ajuste au respect des obligations suivantes :<\/p>\n<ul>\n<li>Le RGPD (R\u00e9glement (UE) 2016\/679 du Parlement Europ\u00e9en et du conseil du 27 avril 2016 relatif \u00e0 la protection des donn\u00e9es et des personnes physiques) qui est la nouvelle norme de l\u2019Union Europ\u00e9enne qui unit la r\u00e9gulation du traitement des donn\u00e9es personnelles dans les diff\u00e9rents pays de l\u2019U.E.<\/li>\n<li>La LOPD (Loi Organique 15\/1999, du 13 d\u00e9cembre de protection des donn\u00e9es \u00e0 caract\u00e8re personnel et d\u00e9cret royal 1720\/2007, du 21 d\u00e9cembre, le Re\u00e9glement de d\u00e9veloppement de la LOPD) qui r\u00e9gule le traitement des donn\u00e9es personnelles et les obligations que doivent assumer les responsables d\u2019un site web ou d\u2019un blog, dans la gestion de cette information.<\/li>\n<li>La LSSI (Loi 34\/2002, du 11 juillet des Services de la Soci\u00e9t\u00e9 d\u2019Information et du commerce \u00e9lectronique) qui r\u00e9gule les transactions \u00e9conomiques \u00e0 travers des moyens \u00e9lectroniques, comme c\u2019est le cas de ce blog.<\/li>\n<\/ul>\n<h2>Donn\u00e9es d&rsquo;identification<\/h2>\n<p>Le responsable et titulaire de ce site web est SILLERIA VERGES SA<\/p>\n<ul>\n<li>Nom :\u00a0SILLERIA VERGES SA<\/li>\n<li>NIF:\u00a0B-55262281<\/li>\n<li>Domicile social:\u00a0Carretera de Brunells s\/n 17853 Tortell\u00e0.Girona<\/li>\n<li>Activit\u00e9 du site :\u00a0Fourniture<\/li>\n<li>Courriel :\u00a0comunicacio@verges.design<\/li>\n<\/ul>\n<p>Les donn\u00e9es que vous nous transmettez avec votre consentement expr\u00e8s, et en accord avec l\u2019utilit\u00e9 \u00e9tablie dans cette Politique de Confidentialit\u00e9, seront incorpor\u00e9s dans un fichier automatis\u00e9 d\u00fbment inscrit \u00e0 l\u2019Agence Espagnole de Protection des<\/p>\n<p>Donn\u00e9es, dans lequel le responsable de ce fichier est SILLERIA VERGES SA\u00a0. Ce qui signifie que vos donn\u00e9es sont en lieu sur, en accord avec ce qu\u2019\u00e9tablit cette loi.<\/p>\n<p>Les donn\u00e9es personnelles que vous nous facilitez, toujours avec votre consentement, seront stock\u00e9es et trait\u00e9es avec la finalit\u00e9 pr\u00e9vue et d\u00e9crite \u00e0 continuation dans cette politique de confidentialit\u00e9, et ce jusqu\u2019\u00e0 ce que vous nous demandiez de les supprimer.<\/p>\n<p>Nous vous informons que cette politique de confidentialit\u00e9 pourra \u00eatre modifi\u00e9e \u00e0 n\u2019importe quel moment, dans le but de s\u2019adapter \u00e0 de nouvelles l\u00e9gislations ou changement de nos activit\u00e9s, \u00e9tant en vigueur celle qui a tout moment est publi\u00e9e sur notre web. Toute modification de ces conditions vous sera transmise avant son application.<\/p>\n<h2>Termes et conditions d\u2019utilisation<\/h2>\n<p>Vous devez savoir, pour votre tranquilit\u00e9, que nous vous demanderons toujours un consentement expr\u00e9s pour recueillir vos donn\u00e9es avec la finalit\u00e9 sp\u00e9cifi\u00e9e dans tout les cas, ce qui implique qu\u2019en cas d\u2019accorder votre consentement, cela signifie que vous avez lu et \u00eates d\u2019accord avec cette Politique de Confidentialit\u00e9.<\/p>\n<p>Au moment ou vous acc\u00e9dez et utilisez ce site web, vous assumez votre statut d\u2019utilisateur avec vos droits et devoirs correspondants.<\/p>\n<p>Si vous \u00eates majeur de 13 ans, vous pourrez vous enregistrer en tant qu\u2019utilisateur de ce site web sans le consentement de vos parents\/tuteurs.<\/p>\n<p>Si vous \u00eates mineur de 13 ans, il vous faudra le consentement de vos parents\/tuteurs pour le traitement de vos donn\u00e9es personnelles.<\/p>\n<h2>Enregistrement et finalit\u00e9 de vos donn\u00e9es<\/h2>\n<p>En fonction du formulaire ou section \u00e0 laquelle vous acc\u00e9dez, nous vous demanderons exclusivement les donn\u00e9es n\u00e9cessaires pour la finalit\u00e9 d\u00e9crite \u00e0 continuation. A tout moment, vous devrez donner votre consentement expr\u00e8s quand nous vous demanderons des informations personnelles avec les finalit\u00e9s suivantes :<br \/>\nLes finalit\u00e9s concr\u00e8tes indiqu\u00e9es particuli\u00e8rement dans chacune des pages ou sections o\u00f9 appara\u00eet le formulaire d\u2019enregistrement ou contact t\u00e9l\u00e9phonique.<\/p>\n<p>De mani\u00e8re g\u00e9n\u00e9rale, pour donner suite \u00e0 vos demandes, commentaires, consultations, ou tout type de demande r\u00e9alis\u00e9e en tant qu\u2019utilisateur par le biais de tout type de forme de contact que nous mettons \u00e0 votre disposition.<\/p>\n<p>Pour vous informer suite \u00e0 vos demandes, questions, activit\u00e9s, produits, nouveaut\u00e9s et\/ou services, via courriel, fax, Whatsapp, Skype, t\u00e9l\u00e9phone facilit\u00e9, sms et mms.<\/p>\n<p>Pour vous envoyer des communications comerciales, ou publicitaires, \u00e0 travers tout autre moyen \u00e9lectronique ou physique qui offre la possibilit\u00e9 de r\u00e9aliser une communication.<\/p>\n<p>Ces communications seront toujours relationn\u00e9es avec nos produits, services, nouveaut\u00e9s ou promotions, tout comme tout produits ou services que nous pouvons consid\u00e9rer de votre int\u00e9r\u00eat que peuvent offrir des collaborateurs, entreprises ou partenaires avec lesquels nous maintenons des accords promotionnels ou collaboration commerciale.<\/p>\n<p>Ainsi, nous vous garantissons que ces tiers ne disposeront jamais d\u2019un acc\u00e8s \u00e0 vos donn\u00e9es personnelles, sauf exceptions mentionn\u00e9es ci apr\u00e8s, \u00e9tant dans tout les cas, des communications r\u00e9alis\u00e9es de la part de SILLERIA VERGES SA, en tant que titulaire de ce site web.<\/p>\n<h2>V\u00e9racit\u00e9 et conformit\u00e9 des donn\u00e9es<\/h2>\n<p>En tant qu\u2019utilisateur, vous \u00eates le seul responsable de la v\u00e9racit\u00e9 et conformit\u00e9 des donn\u00e9es que vous transmettez \u00e0 SILLERIA VERG\u00c9S SA, nous exon\u00e9rant de toute responsabilit\u00e9 \u00e0 cet \u00e9gard.<br \/>\nEn d\u2019autres termes, il vous appartient de garantir et de r\u00e9pondre en tout \u00e9tat de cause \u00e0 la v\u00e9racit\u00e9, la validit\u00e9 et l\u2019authenticit\u00e9 des donn\u00e9es \u00e0 caract\u00e8re personnel fournies, et vous acceptez de les maintenir \u00e0 jour.,<br \/>\nSelon les termes de cette politique de confidentialit\u00e9, vous acceptez de fournir des informations compl\u00e8tes et correctes dans le formulaire de contact ou d&rsquo;abonnement.<\/p>\n<h2>Droit de r\u00e9vocation et d\u00e9sabonnement<\/h2>\n<p>En tant que propri\u00e9taire des donn\u00e9es que vous nous avez fournies, vous pouvez exercer vos droits d&rsquo;acc\u00e8s, de rectification, annulation et opposition \u00e0 tout moment en nous envoyant un courrier \u00e9lectronique \u00e0 l&rsquo;adresse comunicacio@verges.design en joignant une photocopie de votre pi\u00e8ce d&rsquo;identit\u00e9 comme preuve valable.<\/p>\n<p>De plus, vous pouvez vous d\u00e9sinscrire \u00e0 tout moment pour ne plus recevoir notre lettre d&rsquo;information ou toute autre communication commerciale, directement \u00e0 partir du m\u00eame courrier \u00e9lectronique que vous avez re\u00e7u ou en envoyant un courrier \u00e9lectronique \u00e0 comunicacio@verges.design<\/p>\n<p>Ce site web est h\u00e9berg\u00e9 sur des serveurs appartenant \u00e0 SILLERIA VERGES S.A<\/p>\n<h2>Acc\u00e8s aux donn\u00e9es par compte de tiers<\/h2>\n<p>Afin de fournir les services strictement n\u00e9cessaires au fonctionnement et au d\u00e9veloppement des activit\u00e9s de ce site Web, nous vous informons que nous partageons des donn\u00e9es avec les fournisseurs de services suivants dans les conditions de confidentialit\u00e9 correspondantes.<br \/>\nVous pouvez \u00eatre assur\u00e9 que ces tiers ne pourront utiliser ces informations \u00e0 aucune autre fin non sp\u00e9cifiquement r\u00e9glement\u00e9e dans nos relations avec eux en vertu de la r\u00e9glementation en vigueur en mati\u00e8re de protection des donn\u00e9es personnelles.<br \/>\n<strong>Google Analytics et Google Maps:<\/strong><br \/>\nGoogle Analytics est un service d&rsquo;analyse de site internet fourni par Google, Inc., soci\u00e9t\u00e9 du Delaware dont le si\u00e8ge social est situ\u00e9 au 1600 Amphitheatre Parkway, \u00e0 Mountain View (Californie), CA 94043, \u00c9tats-Unis (\u00ab\u00a0Google\u00a0\u00bb).<\/p>\n<p>Google Analytics et Google Maps utilisent des \u00ab\u00a0cookies\u00a0\u00bb, qui sont des fichiers texte situ\u00e9s sur votre ordinateur, pour aider le site Web \u00e0 analyser l&rsquo;utilisation du site par les utilisateurs.<\/p>\n<p>Les informations g\u00e9n\u00e9r\u00e9es par les cookies concernant votre utilisation du site Web (y compris votre adresse IP) seront directement transmises et archiv\u00e9es par Google. Google utilisera ces informations en notre nom afin de garder une trace de votre utilisation du site Web, de compiler des rapports sur l&rsquo;activit\u00e9 du site Web et de fournir d&rsquo;autres services li\u00e9s \u00e0 l&rsquo;activit\u00e9 du site Web et \u00e0 l&rsquo;utilisation d&rsquo;Internet.<\/p>\n<p>En tant qu&rsquo;utilisateur et en exer\u00e7ant vos droits, vous pouvez refuser de traiter les donn\u00e9es ou informations en refusant l&rsquo;utilisation de cookies en s\u00e9lectionnant la configuration appropri\u00e9e de votre navigateur. Toutefois, vous devez savoir que, si vous le faites, vous ne pourrez peut-\u00eatre pas utiliser la fonctionnalit\u00e9 compl\u00e8te de ce site.<\/p>\n<p>En utilisant ce site Web, conform\u00e9ment aux informations fournies dans la pr\u00e9sente politique de confidentialit\u00e9, vous acceptez le traitement de vos donn\u00e9es par Google, de la mani\u00e8re et aux fins indiqu\u00e9es.<\/p>\n<p>Pour plus d&rsquo;informations, vous pouvez consulter la politique de confidentialit\u00e9 de Google <a href=\"https:\/\/www.google.com\/intl\/es\/policies\/privacy\/\" target=\"_blank\" rel=\"noopener noreferrer\">i\u00e7i<\/a>.<\/p>\n<p>Google peut transmettre ces informations \u00e0 des tiers lorsque la loi l&rsquo;exige ou lorsque ces tiers traitent les informations pour le compte de Google. Google n&rsquo;associera votre adresse IP \u00e0 aucune autre donn\u00e9e que vous avez..<br \/>\nSur notre site Web, nous utilisons Google Maps pour afficher des emplacements g\u00e9ographiques.<\/p>\n<p>L&rsquo;utilisation de Google Maps implique l&rsquo;utilisation de cookies enti\u00e8rement g\u00e9r\u00e9s par Google.<\/p>\n","protected":false},"excerpt":{"rendered":"<p>Si vous \u00eates arriv\u00e9 i\u00e7i, c\u2019est que vous vouliez en savoir plus sur vos obligations et droits en tant qu\u2019utilisateur du site https:\/\/verges.design et c\u2019est une tr\u00e8s bonne initiative. Notre devoir est de vous informer et le votre est d\u2019\u00eatre correctement inform\u00e9. Dans cette politique de confidentialit\u00e9, nous vous informerons avec une compl\u00e8te transparence sur [&hellip;]<\/p>\n","protected":false},"author":3,"featured_media":0,"parent":0,"menu_order":0,"comment_status":"closed","ping_status":"closed","template":"templates\/text.php","meta":{"_acf_changed":false,"footnotes":""},"class_list":["post-2698","page","type-page","status-publish","hentry"],"acf":[],"yoast_head":"<!-- This site is optimized with the Yoast SEO plugin v25.6 - https:\/\/yoast.com\/wordpress\/plugins\/seo\/ -->\n<title>Privacy Policy - Verg\u00e9s<\/title>\n<meta name=\"robots\" content=\"index, follow, max-snippet:-1, max-image-preview:large, max-video-preview:-1\" \/>\n<link rel=\"canonical\" href=\"https:\/\/verges.design\/fr\/privacy-policy\/\" \/>\n<meta property=\"og:locale\" content=\"fr_FR\" \/>\n<meta property=\"og:type\" content=\"article\" \/>\n<meta property=\"og:title\" content=\"Privacy Policy - Verg\u00e9s\" \/>\n<meta property=\"og:description\" content=\"Si vous \u00eates arriv\u00e9 i\u00e7i, c\u2019est que vous vouliez en savoir plus sur vos obligations et droits en tant qu\u2019utilisateur du site https:\/\/verges.design et c\u2019est une tr\u00e8s bonne initiative. Notre devoir est de vous informer et le votre est d\u2019\u00eatre correctement inform\u00e9. Dans cette politique de confidentialit\u00e9, nous vous informerons avec une compl\u00e8te transparence sur [&hellip;]\" \/>\n<meta property=\"og:url\" content=\"https:\/\/verges.design\/fr\/privacy-policy\/\" \/>\n<meta property=\"og:site_name\" content=\"Verg\u00e9s\" \/>\n<meta property=\"article:modified_time\" content=\"2019-03-18T12:24:19+00:00\" \/>\n<meta name=\"twitter:card\" content=\"summary_large_image\" \/>\n<meta name=\"twitter:label1\" content=\"Dur\u00e9e de lecture estim\u00e9e\" \/>\n\t<meta name=\"twitter:data1\" content=\"8 minutes\" \/>\n<script type=\"application\/ld+json\" class=\"yoast-schema-graph\">{\"@context\":\"https:\/\/schema.org\",\"@graph\":[{\"@type\":\"WebPage\",\"@id\":\"https:\/\/verges.design\/fr\/privacy-policy\/\",\"url\":\"https:\/\/verges.design\/fr\/privacy-policy\/\",\"name\":\"Privacy Policy - Verg\u00e9s\",\"isPartOf\":{\"@id\":\"https:\/\/verges.design\/fr\/#website\"},\"datePublished\":\"2019-01-10T15:50:40+00:00\",\"dateModified\":\"2019-03-18T12:24:19+00:00\",\"breadcrumb\":{\"@id\":\"https:\/\/verges.design\/fr\/privacy-policy\/#breadcrumb\"},\"inLanguage\":\"fr-FR\",\"potentialAction\":[{\"@type\":\"ReadAction\",\"target\":[\"https:\/\/verges.design\/fr\/privacy-policy\/\"]}]},{\"@type\":\"BreadcrumbList\",\"@id\":\"https:\/\/verges.design\/fr\/privacy-policy\/#breadcrumb\",\"itemListElement\":[{\"@type\":\"ListItem\",\"position\":1,\"name\":\"Home\",\"item\":\"https:\/\/verges.design\/fr\/\"},{\"@type\":\"ListItem\",\"position\":2,\"name\":\"Privacy Policy\"}]},{\"@type\":\"WebSite\",\"@id\":\"https:\/\/verges.design\/fr\/#website\",\"url\":\"https:\/\/verges.design\/fr\/\",\"name\":\"Verg\u00e9s\",\"description\":\"Las sillas y muebles Verg\u00e9s son el resultado de la conjunci\u00f3n de experiencia, vocaci\u00f3n, calidad y dise\u00f1o. Creamos muebles de dise\u00f1o para contract.\",\"potentialAction\":[{\"@type\":\"SearchAction\",\"target\":{\"@type\":\"EntryPoint\",\"urlTemplate\":\"https:\/\/verges.design\/fr\/?s={search_term_string}\"},\"query-input\":{\"@type\":\"PropertyValueSpecification\",\"valueRequired\":true,\"valueName\":\"search_term_string\"}}],\"inLanguage\":\"fr-FR\"}]}<\/script>\n<!-- \/ Yoast SEO plugin. -->","yoast_head_json":{"title":"Privacy Policy - Verg\u00e9s","robots":{"index":"index","follow":"follow","max-snippet":"max-snippet:-1","max-image-preview":"max-image-preview:large","max-video-preview":"max-video-preview:-1"},"canonical":"https:\/\/verges.design\/fr\/privacy-policy\/","og_locale":"fr_FR","og_type":"article","og_title":"Privacy Policy - Verg\u00e9s","og_description":"Si vous \u00eates arriv\u00e9 i\u00e7i, c\u2019est que vous vouliez en savoir plus sur vos obligations et droits en tant qu\u2019utilisateur du site https:\/\/verges.design et c\u2019est une tr\u00e8s bonne initiative. Notre devoir est de vous informer et le votre est d\u2019\u00eatre correctement inform\u00e9. Dans cette politique de confidentialit\u00e9, nous vous informerons avec une compl\u00e8te transparence sur [&hellip;]","og_url":"https:\/\/verges.design\/fr\/privacy-policy\/","og_site_name":"Verg\u00e9s","article_modified_time":"2019-03-18T12:24:19+00:00","twitter_card":"summary_large_image","twitter_misc":{"Dur\u00e9e de lecture estim\u00e9e":"8 minutes"},"schema":{"@context":"https:\/\/schema.org","@graph":[{"@type":"WebPage","@id":"https:\/\/verges.design\/fr\/privacy-policy\/","url":"https:\/\/verges.design\/fr\/privacy-policy\/","name":"Privacy Policy - Verg\u00e9s","isPartOf":{"@id":"https:\/\/verges.design\/fr\/#website"},"datePublished":"2019-01-10T15:50:40+00:00","dateModified":"2019-03-18T12:24:19+00:00","breadcrumb":{"@id":"https:\/\/verges.design\/fr\/privacy-policy\/#breadcrumb"},"inLanguage":"fr-FR","potentialAction":[{"@type":"ReadAction","target":["https:\/\/verges.design\/fr\/privacy-policy\/"]}]},{"@type":"BreadcrumbList","@id":"https:\/\/verges.design\/fr\/privacy-policy\/#breadcrumb","itemListElement":[{"@type":"ListItem","position":1,"name":"Home","item":"https:\/\/verges.design\/fr\/"},{"@type":"ListItem","position":2,"name":"Privacy Policy"}]},{"@type":"WebSite","@id":"https:\/\/verges.design\/fr\/#website","url":"https:\/\/verges.design\/fr\/","name":"Verg\u00e9s","description":"Las sillas y muebles Verg\u00e9s son el resultado de la conjunci\u00f3n de experiencia, vocaci\u00f3n, calidad y dise\u00f1o. Creamos muebles de dise\u00f1o para contract.","potentialAction":[{"@type":"SearchAction","target":{"@type":"EntryPoint","urlTemplate":"https:\/\/verges.design\/fr\/?s={search_term_string}"},"query-input":{"@type":"PropertyValueSpecification","valueRequired":true,"valueName":"search_term_string"}}],"inLanguage":"fr-FR"}]}},"_links":{"self":[{"href":"https:\/\/verges.design\/fr\/wp-json\/wp\/v2\/pages\/2698"}],"collection":[{"href":"https:\/\/verges.design\/fr\/wp-json\/wp\/v2\/pages"}],"about":[{"href":"https:\/\/verges.design\/fr\/wp-json\/wp\/v2\/types\/page"}],"author":[{"embeddable":true,"href":"https:\/\/verges.design\/fr\/wp-json\/wp\/v2\/users\/3"}],"replies":[{"embeddable":true,"href":"https:\/\/verges.design\/fr\/wp-json\/wp\/v2\/comments?post=2698"}],"version-history":[{"count":5,"href":"https:\/\/verges.design\/fr\/wp-json\/wp\/v2\/pages\/2698\/revisions"}],"predecessor-version":[{"id":3228,"href":"https:\/\/verges.design\/fr\/wp-json\/wp\/v2\/pages\/2698\/revisions\/3228"}],"wp:attachment":[{"href":"https:\/\/verges.design\/fr\/wp-json\/wp\/v2\/media?parent=2698"}],"curies":[{"name":"wp","href":"https:\/\/api.w.org\/{rel}","templated":true}]}}