{"id":2637,"date":"2019-01-10T15:50:40","date_gmt":"2019-01-10T15:50:40","guid":{"rendered":"https:\/\/verges.design\/sample-page\/"},"modified":"2025-05-27T10:57:16","modified_gmt":"2025-05-27T10:57:16","slug":"sample-page","status":"publish","type":"page","link":"https:\/\/verges.design\/fr\/","title":{"rendered":"Home"},"content":{"rendered":"","protected":false},"excerpt":{"rendered":"","protected":false},"author":3,"featured_media":0,"parent":0,"menu_order":0,"comment_status":"closed","ping_status":"closed","template":"templates\/home.php","meta":{"_acf_changed":false,"footnotes":""},"class_list":["post-2637","page","type-page","status-publish","hentry"],"acf":[],"yoast_head":"<!-- This site is optimized with the Yoast SEO plugin v25.6 - https:\/\/yoast.com\/wordpress\/plugins\/seo\/ -->\n<title>Verg\u00e9s - Contemporary chairs and furniture<\/title>\n<meta name=\"description\" content=\"Design, innovation and craftsmanship. Manufacturer of chairs and contemporary furniture for hotels, restaurants and work spaces.\" \/>\n<meta name=\"robots\" content=\"index, follow, max-snippet:-1, max-image-preview:large, max-video-preview:-1\" \/>\n<link rel=\"canonical\" href=\"https:\/\/verges.design\/fr\/\" \/>\n<meta property=\"og:locale\" content=\"fr_FR\" \/>\n<meta property=\"og:type\" content=\"article\" \/>\n<meta property=\"og:title\" content=\"Verg\u00e9s - Contemporary chairs and furniture\" \/>\n<meta property=\"og:description\" content=\"Design, innovation and craftsmanship. Manufacturer of chairs and contemporary furniture for hotels, restaurants and work spaces.\" \/>\n<meta property=\"og:url\" content=\"https:\/\/verges.design\/fr\/\" \/>\n<meta property=\"og:site_name\" content=\"Verg\u00e9s\" \/>\n<meta property=\"article:modified_time\" content=\"2025-05-27T10:57:16+00:00\" \/>\n<meta name=\"twitter:card\" content=\"summary_large_image\" \/>\n<script type=\"application\/ld+json\" class=\"yoast-schema-graph\">{\"@context\":\"https:\/\/schema.org\",\"@graph\":[{\"@type\":\"WebPage\",\"@id\":\"https:\/\/verges.design\/fr\/\",\"url\":\"https:\/\/verges.design\/fr\/\",\"name\":\"Verg\u00e9s - Contemporary chairs and furniture\",\"isPartOf\":{\"@id\":\"https:\/\/verges.design\/fr\/#website\"},\"datePublished\":\"2019-01-10T15:50:40+00:00\",\"dateModified\":\"2025-05-27T10:57:16+00:00\",\"description\":\"Design, innovation and craftsmanship. Manufacturer of chairs and contemporary furniture for hotels, restaurants and work spaces.\",\"breadcrumb\":{\"@id\":\"https:\/\/verges.design\/fr\/#breadcrumb\"},\"inLanguage\":\"fr-FR\",\"potentialAction\":[{\"@type\":\"ReadAction\",\"target\":[\"https:\/\/verges.design\/fr\/\"]}]},{\"@type\":\"BreadcrumbList\",\"@id\":\"https:\/\/verges.design\/fr\/#breadcrumb\",\"itemListElement\":[{\"@type\":\"ListItem\",\"position\":1,\"name\":\"Home\",\"item\":\"https:\/\/verges.design\/fr\/\"},{\"@type\":\"ListItem\",\"position\":2,\"name\":\"Home\"}]},{\"@type\":\"WebSite\",\"@id\":\"https:\/\/verges.design\/fr\/#website\",\"url\":\"https:\/\/verges.design\/fr\/\",\"name\":\"Verg\u00e9s\",\"description\":\"Las sillas y muebles Verg\u00e9s son el resultado de la conjunci\u00f3n de experiencia, vocaci\u00f3n, calidad y dise\u00f1o. Creamos muebles de dise\u00f1o para contract.\",\"potentialAction\":[{\"@type\":\"SearchAction\",\"target\":{\"@type\":\"EntryPoint\",\"urlTemplate\":\"https:\/\/verges.design\/fr\/?s={search_term_string}\"},\"query-input\":{\"@type\":\"PropertyValueSpecification\",\"valueRequired\":true,\"valueName\":\"search_term_string\"}}],\"inLanguage\":\"fr-FR\"}]}<\/script>\n<!-- \/ Yoast SEO plugin. -->","yoast_head_json":{"title":"Verg\u00e9s - Contemporary chairs and furniture","description":"Design, innovation and craftsmanship. Manufacturer of chairs and contemporary furniture for hotels, restaurants and work spaces.","robots":{"index":"index","follow":"follow","max-snippet":"max-snippet:-1","max-image-preview":"max-image-preview:large","max-video-preview":"max-video-preview:-1"},"canonical":"https:\/\/verges.design\/fr\/","og_locale":"fr_FR","og_type":"article","og_title":"Verg\u00e9s - Contemporary chairs and furniture","og_description":"Design, innovation and craftsmanship. Manufacturer of chairs and contemporary furniture for hotels, restaurants and work spaces.","og_url":"https:\/\/verges.design\/fr\/","og_site_name":"Verg\u00e9s","article_modified_time":"2025-05-27T10:57:16+00:00","twitter_card":"summary_large_image","schema":{"@context":"https:\/\/schema.org","@graph":[{"@type":"WebPage","@id":"https:\/\/verges.design\/fr\/","url":"https:\/\/verges.design\/fr\/","name":"Verg\u00e9s - Contemporary chairs and furniture","isPartOf":{"@id":"https:\/\/verges.design\/fr\/#website"},"datePublished":"2019-01-10T15:50:40+00:00","dateModified":"2025-05-27T10:57:16+00:00","description":"Design, innovation and craftsmanship. Manufacturer of chairs and contemporary furniture for hotels, restaurants and work spaces.","breadcrumb":{"@id":"https:\/\/verges.design\/fr\/#breadcrumb"},"inLanguage":"fr-FR","potentialAction":[{"@type":"ReadAction","target":["https:\/\/verges.design\/fr\/"]}]},{"@type":"BreadcrumbList","@id":"https:\/\/verges.design\/fr\/#breadcrumb","itemListElement":[{"@type":"ListItem","position":1,"name":"Home","item":"https:\/\/verges.design\/fr\/"},{"@type":"ListItem","position":2,"name":"Home"}]},{"@type":"WebSite","@id":"https:\/\/verges.design\/fr\/#website","url":"https:\/\/verges.design\/fr\/","name":"Verg\u00e9s","description":"Las sillas y muebles Verg\u00e9s son el resultado de la conjunci\u00f3n de experiencia, vocaci\u00f3n, calidad y dise\u00f1o. Creamos muebles de dise\u00f1o para contract.","potentialAction":[{"@type":"SearchAction","target":{"@type":"EntryPoint","urlTemplate":"https:\/\/verges.design\/fr\/?s={search_term_string}"},"query-input":{"@type":"PropertyValueSpecification","valueRequired":true,"valueName":"search_term_string"}}],"inLanguage":"fr-FR"}]}},"_links":{"self":[{"href":"https:\/\/verges.design\/fr\/wp-json\/wp\/v2\/pages\/2637"}],"collection":[{"href":"https:\/\/verges.design\/fr\/wp-json\/wp\/v2\/pages"}],"about":[{"href":"https:\/\/verges.design\/fr\/wp-json\/wp\/v2\/types\/page"}],"author":[{"embeddable":true,"href":"https:\/\/verges.design\/fr\/wp-json\/wp\/v2\/users\/3"}],"replies":[{"embeddable":true,"href":"https:\/\/verges.design\/fr\/wp-json\/wp\/v2\/comments?post=2637"}],"version-history":[{"count":50,"href":"https:\/\/verges.design\/fr\/wp-json\/wp\/v2\/pages\/2637\/revisions"}],"predecessor-version":[{"id":23995,"href":"https:\/\/verges.design\/fr\/wp-json\/wp\/v2\/pages\/2637\/revisions\/23995"}],"wp:attachment":[{"href":"https:\/\/verges.design\/fr\/wp-json\/wp\/v2\/media?parent=2637"}],"curies":[{"name":"wp","href":"https:\/\/api.w.org\/{rel}","templated":true}]}}