{"id":17325,"date":"2024-02-21T07:30:36","date_gmt":"2024-02-21T07:30:36","guid":{"rendered":"https:\/\/verges.design\/products-2\/"},"modified":"2026-02-26T10:46:16","modified_gmt":"2026-02-26T10:46:16","slug":"products-2","status":"publish","type":"page","link":"https:\/\/verges.design\/fr\/products-2\/","title":{"rendered":"Products"},"content":{"rendered":"<p>Il y a plus de cinquante ans que chez Verg\u00e9s, nous travaillons pour que le plus grand nombre de personnes puisse profiter chaque jour du bon design, de la fonctionnalit\u00e9 et du confort. Dans un dialogue constant entre l&rsquo;artisanal et le contemporain, nous fabriquons du mobilier de qualit\u00e9 en pensant toujours aux utilisateurs et \u00e0 leurs besoins.<\/p>\n","protected":false},"excerpt":{"rendered":"<p>Il y a plus de cinquante ans que chez Verg\u00e9s, nous travaillons pour que le plus grand nombre de personnes puisse profiter chaque jour du bon design, de la fonctionnalit\u00e9 et du confort. Dans un dialogue constant entre l&rsquo;artisanal et le contemporain, nous fabriquons du mobilier de qualit\u00e9 en pensant toujours aux utilisateurs et \u00e0 [&hellip;]<\/p>\n","protected":false},"author":3,"featured_media":0,"parent":0,"menu_order":0,"comment_status":"closed","ping_status":"closed","template":"templates\/product-listing.php","meta":{"_acf_changed":false,"footnotes":""},"class_list":["post-17325","page","type-page","status-publish","hentry"],"acf":[],"yoast_head":"<!-- This site is optimized with the Yoast SEO plugin v25.6 - https:\/\/yoast.com\/wordpress\/plugins\/seo\/ -->\n<title>Products - Verg\u00e9s<\/title>\n<meta name=\"robots\" content=\"index, follow, max-snippet:-1, max-image-preview:large, max-video-preview:-1\" \/>\n<link rel=\"canonical\" href=\"https:\/\/verges.design\/fr\/products-2\/\" \/>\n<meta property=\"og:locale\" content=\"fr_FR\" \/>\n<meta property=\"og:type\" content=\"article\" \/>\n<meta property=\"og:title\" content=\"Products - Verg\u00e9s\" \/>\n<meta property=\"og:description\" content=\"Il y a plus de cinquante ans que chez Verg\u00e9s, nous travaillons pour que le plus grand nombre de personnes puisse profiter chaque jour du bon design, de la fonctionnalit\u00e9 et du confort. Dans un dialogue constant entre l&rsquo;artisanal et le contemporain, nous fabriquons du mobilier de qualit\u00e9 en pensant toujours aux utilisateurs et \u00e0 [&hellip;]\" \/>\n<meta property=\"og:url\" content=\"https:\/\/verges.design\/fr\/products-2\/\" \/>\n<meta property=\"og:site_name\" content=\"Verg\u00e9s\" \/>\n<meta property=\"article:modified_time\" content=\"2026-02-26T10:46:16+00:00\" \/>\n<meta name=\"twitter:card\" content=\"summary_large_image\" \/>\n<meta name=\"twitter:label1\" content=\"Dur\u00e9e de lecture estim\u00e9e\" \/>\n\t<meta name=\"twitter:data1\" content=\"1 minute\" \/>\n<script type=\"application\/ld+json\" class=\"yoast-schema-graph\">{\"@context\":\"https:\/\/schema.org\",\"@graph\":[{\"@type\":\"WebPage\",\"@id\":\"https:\/\/verges.design\/fr\/products-2\/\",\"url\":\"https:\/\/verges.design\/fr\/products-2\/\",\"name\":\"Products - Verg\u00e9s\",\"isPartOf\":{\"@id\":\"https:\/\/verges.design\/fr\/#website\"},\"datePublished\":\"2024-02-21T07:30:36+00:00\",\"dateModified\":\"2026-02-26T10:46:16+00:00\",\"breadcrumb\":{\"@id\":\"https:\/\/verges.design\/fr\/products-2\/#breadcrumb\"},\"inLanguage\":\"fr-FR\",\"potentialAction\":[{\"@type\":\"ReadAction\",\"target\":[\"https:\/\/verges.design\/fr\/products-2\/\"]}]},{\"@type\":\"BreadcrumbList\",\"@id\":\"https:\/\/verges.design\/fr\/products-2\/#breadcrumb\",\"itemListElement\":[{\"@type\":\"ListItem\",\"position\":1,\"name\":\"Home\",\"item\":\"https:\/\/verges.design\/fr\/\"},{\"@type\":\"ListItem\",\"position\":2,\"name\":\"Products\"}]},{\"@type\":\"WebSite\",\"@id\":\"https:\/\/verges.design\/fr\/#website\",\"url\":\"https:\/\/verges.design\/fr\/\",\"name\":\"Verg\u00e9s\",\"description\":\"Las sillas y muebles Verg\u00e9s son el resultado de la conjunci\u00f3n de experiencia, vocaci\u00f3n, calidad y dise\u00f1o. Creamos muebles de dise\u00f1o para contract.\",\"potentialAction\":[{\"@type\":\"SearchAction\",\"target\":{\"@type\":\"EntryPoint\",\"urlTemplate\":\"https:\/\/verges.design\/fr\/?s={search_term_string}\"},\"query-input\":{\"@type\":\"PropertyValueSpecification\",\"valueRequired\":true,\"valueName\":\"search_term_string\"}}],\"inLanguage\":\"fr-FR\"}]}<\/script>\n<!-- \/ Yoast SEO plugin. -->","yoast_head_json":{"title":"Products - Verg\u00e9s","robots":{"index":"index","follow":"follow","max-snippet":"max-snippet:-1","max-image-preview":"max-image-preview:large","max-video-preview":"max-video-preview:-1"},"canonical":"https:\/\/verges.design\/fr\/products-2\/","og_locale":"fr_FR","og_type":"article","og_title":"Products - Verg\u00e9s","og_description":"Il y a plus de cinquante ans que chez Verg\u00e9s, nous travaillons pour que le plus grand nombre de personnes puisse profiter chaque jour du bon design, de la fonctionnalit\u00e9 et du confort. Dans un dialogue constant entre l&rsquo;artisanal et le contemporain, nous fabriquons du mobilier de qualit\u00e9 en pensant toujours aux utilisateurs et \u00e0 [&hellip;]","og_url":"https:\/\/verges.design\/fr\/products-2\/","og_site_name":"Verg\u00e9s","article_modified_time":"2026-02-26T10:46:16+00:00","twitter_card":"summary_large_image","twitter_misc":{"Dur\u00e9e de lecture estim\u00e9e":"1 minute"},"schema":{"@context":"https:\/\/schema.org","@graph":[{"@type":"WebPage","@id":"https:\/\/verges.design\/fr\/products-2\/","url":"https:\/\/verges.design\/fr\/products-2\/","name":"Products - Verg\u00e9s","isPartOf":{"@id":"https:\/\/verges.design\/fr\/#website"},"datePublished":"2024-02-21T07:30:36+00:00","dateModified":"2026-02-26T10:46:16+00:00","breadcrumb":{"@id":"https:\/\/verges.design\/fr\/products-2\/#breadcrumb"},"inLanguage":"fr-FR","potentialAction":[{"@type":"ReadAction","target":["https:\/\/verges.design\/fr\/products-2\/"]}]},{"@type":"BreadcrumbList","@id":"https:\/\/verges.design\/fr\/products-2\/#breadcrumb","itemListElement":[{"@type":"ListItem","position":1,"name":"Home","item":"https:\/\/verges.design\/fr\/"},{"@type":"ListItem","position":2,"name":"Products"}]},{"@type":"WebSite","@id":"https:\/\/verges.design\/fr\/#website","url":"https:\/\/verges.design\/fr\/","name":"Verg\u00e9s","description":"Las sillas y muebles Verg\u00e9s son el resultado de la conjunci\u00f3n de experiencia, vocaci\u00f3n, calidad y dise\u00f1o. Creamos muebles de dise\u00f1o para contract.","potentialAction":[{"@type":"SearchAction","target":{"@type":"EntryPoint","urlTemplate":"https:\/\/verges.design\/fr\/?s={search_term_string}"},"query-input":{"@type":"PropertyValueSpecification","valueRequired":true,"valueName":"search_term_string"}}],"inLanguage":"fr-FR"}]}},"_links":{"self":[{"href":"https:\/\/verges.design\/fr\/wp-json\/wp\/v2\/pages\/17325"}],"collection":[{"href":"https:\/\/verges.design\/fr\/wp-json\/wp\/v2\/pages"}],"about":[{"href":"https:\/\/verges.design\/fr\/wp-json\/wp\/v2\/types\/page"}],"author":[{"embeddable":true,"href":"https:\/\/verges.design\/fr\/wp-json\/wp\/v2\/users\/3"}],"replies":[{"embeddable":true,"href":"https:\/\/verges.design\/fr\/wp-json\/wp\/v2\/comments?post=17325"}],"version-history":[{"count":7,"href":"https:\/\/verges.design\/fr\/wp-json\/wp\/v2\/pages\/17325\/revisions"}],"predecessor-version":[{"id":27217,"href":"https:\/\/verges.design\/fr\/wp-json\/wp\/v2\/pages\/17325\/revisions\/27217"}],"wp:attachment":[{"href":"https:\/\/verges.design\/fr\/wp-json\/wp\/v2\/media?parent=17325"}],"curies":[{"name":"wp","href":"https:\/\/api.w.org\/{rel}","templated":true}]}}