{"id":16256,"date":"2024-02-21T07:34:53","date_gmt":"2024-02-21T07:34:53","guid":{"rendered":"https:\/\/verges.design\/products\/contracts\/"},"modified":"2025-12-11T08:02:47","modified_gmt":"2025-12-11T08:02:47","slug":"contract","status":"publish","type":"page","link":"https:\/\/verges.design\/fr\/products-2\/contract\/","title":{"rendered":"Contract"},"content":{"rendered":"<p>Chez Verg\u00e9s, nous contribuons \u00e0 la cr\u00e9ation d&rsquo;environnements accueillants et chaleureux. C&rsquo;est pourquoi nous nous entourons des meilleurs designers et fabriquons des meubles de qualit\u00e9 pour les h\u00f4tels, les restaurants, les espaces d&rsquo;attente et de travail, en visant toujours \u00e0 proposer des pi\u00e8ces fonctionnelles, confortables, robustes et intemporelles.<\/p>\n","protected":false},"excerpt":{"rendered":"<p>Chez Verg\u00e9s, nous contribuons \u00e0 la cr\u00e9ation d&rsquo;environnements accueillants et chaleureux. C&rsquo;est pourquoi nous nous entourons des meilleurs designers et fabriquons des meubles de qualit\u00e9 pour les h\u00f4tels, les restaurants, les espaces d&rsquo;attente et de travail, en visant toujours \u00e0 proposer des pi\u00e8ces fonctionnelles, confortables, robustes et intemporelles.<\/p>\n","protected":false},"author":3,"featured_media":0,"parent":17325,"menu_order":0,"comment_status":"closed","ping_status":"closed","template":"templates\/product-listing.php","meta":{"_acf_changed":false,"footnotes":""},"class_list":["post-16256","page","type-page","status-publish","hentry"],"acf":[],"yoast_head":"<!-- This site is optimized with the Yoast SEO plugin v25.6 - https:\/\/yoast.com\/wordpress\/plugins\/seo\/ -->\n<title>Contract - Verg\u00e9s<\/title>\n<meta name=\"robots\" content=\"index, follow, max-snippet:-1, max-image-preview:large, max-video-preview:-1\" \/>\n<link rel=\"canonical\" href=\"https:\/\/verges.design\/fr\/products-2\/contract\/\" \/>\n<meta property=\"og:locale\" content=\"fr_FR\" \/>\n<meta property=\"og:type\" content=\"article\" \/>\n<meta property=\"og:title\" content=\"Contract - Verg\u00e9s\" \/>\n<meta property=\"og:description\" content=\"Chez Verg\u00e9s, nous contribuons \u00e0 la cr\u00e9ation d&rsquo;environnements accueillants et chaleureux. C&rsquo;est pourquoi nous nous entourons des meilleurs designers et fabriquons des meubles de qualit\u00e9 pour les h\u00f4tels, les restaurants, les espaces d&rsquo;attente et de travail, en visant toujours \u00e0 proposer des pi\u00e8ces fonctionnelles, confortables, robustes et intemporelles.\" \/>\n<meta property=\"og:url\" content=\"https:\/\/verges.design\/fr\/products-2\/contract\/\" \/>\n<meta property=\"og:site_name\" content=\"Verg\u00e9s\" \/>\n<meta property=\"article:modified_time\" content=\"2025-12-11T08:02:47+00:00\" \/>\n<meta name=\"twitter:card\" content=\"summary_large_image\" \/>\n<meta name=\"twitter:label1\" content=\"Dur\u00e9e de lecture estim\u00e9e\" \/>\n\t<meta name=\"twitter:data1\" content=\"1 minute\" \/>\n<script type=\"application\/ld+json\" class=\"yoast-schema-graph\">{\"@context\":\"https:\/\/schema.org\",\"@graph\":[{\"@type\":\"WebPage\",\"@id\":\"https:\/\/verges.design\/fr\/products-2\/contract\/\",\"url\":\"https:\/\/verges.design\/fr\/products-2\/contract\/\",\"name\":\"Contract - Verg\u00e9s\",\"isPartOf\":{\"@id\":\"https:\/\/verges.design\/fr\/#website\"},\"datePublished\":\"2024-02-21T07:34:53+00:00\",\"dateModified\":\"2025-12-11T08:02:47+00:00\",\"breadcrumb\":{\"@id\":\"https:\/\/verges.design\/fr\/products-2\/contract\/#breadcrumb\"},\"inLanguage\":\"fr-FR\",\"potentialAction\":[{\"@type\":\"ReadAction\",\"target\":[\"https:\/\/verges.design\/fr\/products-2\/contract\/\"]}]},{\"@type\":\"BreadcrumbList\",\"@id\":\"https:\/\/verges.design\/fr\/products-2\/contract\/#breadcrumb\",\"itemListElement\":[{\"@type\":\"ListItem\",\"position\":1,\"name\":\"Home\",\"item\":\"https:\/\/verges.design\/fr\/\"},{\"@type\":\"ListItem\",\"position\":2,\"name\":\"Products\",\"item\":\"https:\/\/verges.design\/fr\/products-2\/\"},{\"@type\":\"ListItem\",\"position\":3,\"name\":\"Contract\"}]},{\"@type\":\"WebSite\",\"@id\":\"https:\/\/verges.design\/fr\/#website\",\"url\":\"https:\/\/verges.design\/fr\/\",\"name\":\"Verg\u00e9s\",\"description\":\"Las sillas y muebles Verg\u00e9s son el resultado de la conjunci\u00f3n de experiencia, vocaci\u00f3n, calidad y dise\u00f1o. Creamos muebles de dise\u00f1o para contract.\",\"potentialAction\":[{\"@type\":\"SearchAction\",\"target\":{\"@type\":\"EntryPoint\",\"urlTemplate\":\"https:\/\/verges.design\/fr\/?s={search_term_string}\"},\"query-input\":{\"@type\":\"PropertyValueSpecification\",\"valueRequired\":true,\"valueName\":\"search_term_string\"}}],\"inLanguage\":\"fr-FR\"}]}<\/script>\n<!-- \/ Yoast SEO plugin. -->","yoast_head_json":{"title":"Contract - Verg\u00e9s","robots":{"index":"index","follow":"follow","max-snippet":"max-snippet:-1","max-image-preview":"max-image-preview:large","max-video-preview":"max-video-preview:-1"},"canonical":"https:\/\/verges.design\/fr\/products-2\/contract\/","og_locale":"fr_FR","og_type":"article","og_title":"Contract - Verg\u00e9s","og_description":"Chez Verg\u00e9s, nous contribuons \u00e0 la cr\u00e9ation d&rsquo;environnements accueillants et chaleureux. C&rsquo;est pourquoi nous nous entourons des meilleurs designers et fabriquons des meubles de qualit\u00e9 pour les h\u00f4tels, les restaurants, les espaces d&rsquo;attente et de travail, en visant toujours \u00e0 proposer des pi\u00e8ces fonctionnelles, confortables, robustes et intemporelles.","og_url":"https:\/\/verges.design\/fr\/products-2\/contract\/","og_site_name":"Verg\u00e9s","article_modified_time":"2025-12-11T08:02:47+00:00","twitter_card":"summary_large_image","twitter_misc":{"Dur\u00e9e de lecture estim\u00e9e":"1 minute"},"schema":{"@context":"https:\/\/schema.org","@graph":[{"@type":"WebPage","@id":"https:\/\/verges.design\/fr\/products-2\/contract\/","url":"https:\/\/verges.design\/fr\/products-2\/contract\/","name":"Contract - Verg\u00e9s","isPartOf":{"@id":"https:\/\/verges.design\/fr\/#website"},"datePublished":"2024-02-21T07:34:53+00:00","dateModified":"2025-12-11T08:02:47+00:00","breadcrumb":{"@id":"https:\/\/verges.design\/fr\/products-2\/contract\/#breadcrumb"},"inLanguage":"fr-FR","potentialAction":[{"@type":"ReadAction","target":["https:\/\/verges.design\/fr\/products-2\/contract\/"]}]},{"@type":"BreadcrumbList","@id":"https:\/\/verges.design\/fr\/products-2\/contract\/#breadcrumb","itemListElement":[{"@type":"ListItem","position":1,"name":"Home","item":"https:\/\/verges.design\/fr\/"},{"@type":"ListItem","position":2,"name":"Products","item":"https:\/\/verges.design\/fr\/products-2\/"},{"@type":"ListItem","position":3,"name":"Contract"}]},{"@type":"WebSite","@id":"https:\/\/verges.design\/fr\/#website","url":"https:\/\/verges.design\/fr\/","name":"Verg\u00e9s","description":"Las sillas y muebles Verg\u00e9s son el resultado de la conjunci\u00f3n de experiencia, vocaci\u00f3n, calidad y dise\u00f1o. Creamos muebles de dise\u00f1o para contract.","potentialAction":[{"@type":"SearchAction","target":{"@type":"EntryPoint","urlTemplate":"https:\/\/verges.design\/fr\/?s={search_term_string}"},"query-input":{"@type":"PropertyValueSpecification","valueRequired":true,"valueName":"search_term_string"}}],"inLanguage":"fr-FR"}]}},"_links":{"self":[{"href":"https:\/\/verges.design\/fr\/wp-json\/wp\/v2\/pages\/16256"}],"collection":[{"href":"https:\/\/verges.design\/fr\/wp-json\/wp\/v2\/pages"}],"about":[{"href":"https:\/\/verges.design\/fr\/wp-json\/wp\/v2\/types\/page"}],"author":[{"embeddable":true,"href":"https:\/\/verges.design\/fr\/wp-json\/wp\/v2\/users\/3"}],"replies":[{"embeddable":true,"href":"https:\/\/verges.design\/fr\/wp-json\/wp\/v2\/comments?post=16256"}],"version-history":[{"count":24,"href":"https:\/\/verges.design\/fr\/wp-json\/wp\/v2\/pages\/16256\/revisions"}],"predecessor-version":[{"id":27046,"href":"https:\/\/verges.design\/fr\/wp-json\/wp\/v2\/pages\/16256\/revisions\/27046"}],"up":[{"embeddable":true,"href":"https:\/\/verges.design\/fr\/wp-json\/wp\/v2\/pages\/17325"}],"wp:attachment":[{"href":"https:\/\/verges.design\/fr\/wp-json\/wp\/v2\/media?parent=16256"}],"curies":[{"name":"wp","href":"https:\/\/api.w.org\/{rel}","templated":true}]}}