{"id":16253,"date":"2024-02-21T07:35:57","date_gmt":"2024-02-21T07:35:57","guid":{"rendered":"https:\/\/verges.design\/products\/care\/"},"modified":"2025-03-28T09:44:40","modified_gmt":"2025-03-28T09:44:40","slug":"care","status":"publish","type":"page","link":"https:\/\/verges.design\/fr\/products-2\/care\/","title":{"rendered":"Care"},"content":{"rendered":"<p>Verg\u00e9s CARE privil\u00e9gie l&rsquo;ergonomie, l&rsquo;accessibilit\u00e9, la s\u00e9curit\u00e9 et le confort, sans compromettre le bien-\u00eatre et l&rsquo;esth\u00e9tique. Ces meubles inclusifs sont parfaitement adapt\u00e9s aux personnes qui doivent patienter ou se reposer longtemps, dans des endroits comme les r\u00e9sidences, les h\u00f4pitaux, les centres communautaires, les biblioth\u00e8ques, les h\u00f4tels et autres espaces am\u00e9nag\u00e9s pour les personnes \u00e2g\u00e9es.<\/p>\n","protected":false},"excerpt":{"rendered":"<p>Verg\u00e9s CARE privil\u00e9gie l&rsquo;ergonomie, l&rsquo;accessibilit\u00e9, la s\u00e9curit\u00e9 et le confort, sans compromettre le bien-\u00eatre et l&rsquo;esth\u00e9tique. Ces meubles inclusifs sont parfaitement adapt\u00e9s aux personnes qui doivent patienter ou se reposer longtemps, dans des endroits comme les r\u00e9sidences, les h\u00f4pitaux, les centres communautaires, les biblioth\u00e8ques, les h\u00f4tels et autres espaces am\u00e9nag\u00e9s pour les personnes \u00e2g\u00e9es.<\/p>\n","protected":false},"author":3,"featured_media":0,"parent":17325,"menu_order":0,"comment_status":"closed","ping_status":"closed","template":"templates\/product-listing.php","meta":{"_acf_changed":false,"footnotes":""},"class_list":["post-16253","page","type-page","status-publish","hentry"],"acf":[],"yoast_head":"<!-- This site is optimized with the Yoast SEO plugin v25.6 - https:\/\/yoast.com\/wordpress\/plugins\/seo\/ -->\n<title>Care - Verg\u00e9s<\/title>\n<meta name=\"robots\" content=\"index, follow, max-snippet:-1, max-image-preview:large, max-video-preview:-1\" \/>\n<link rel=\"canonical\" href=\"https:\/\/verges.design\/fr\/products-2\/care\/\" \/>\n<meta property=\"og:locale\" content=\"fr_FR\" \/>\n<meta property=\"og:type\" content=\"article\" \/>\n<meta property=\"og:title\" content=\"Care - Verg\u00e9s\" \/>\n<meta property=\"og:description\" content=\"Verg\u00e9s CARE privil\u00e9gie l&rsquo;ergonomie, l&rsquo;accessibilit\u00e9, la s\u00e9curit\u00e9 et le confort, sans compromettre le bien-\u00eatre et l&rsquo;esth\u00e9tique. Ces meubles inclusifs sont parfaitement adapt\u00e9s aux personnes qui doivent patienter ou se reposer longtemps, dans des endroits comme les r\u00e9sidences, les h\u00f4pitaux, les centres communautaires, les biblioth\u00e8ques, les h\u00f4tels et autres espaces am\u00e9nag\u00e9s pour les personnes \u00e2g\u00e9es.\" \/>\n<meta property=\"og:url\" content=\"https:\/\/verges.design\/fr\/products-2\/care\/\" \/>\n<meta property=\"og:site_name\" content=\"Verg\u00e9s\" \/>\n<meta property=\"article:modified_time\" content=\"2025-03-28T09:44:40+00:00\" \/>\n<meta name=\"twitter:card\" content=\"summary_large_image\" \/>\n<meta name=\"twitter:label1\" content=\"Dur\u00e9e de lecture estim\u00e9e\" \/>\n\t<meta name=\"twitter:data1\" content=\"1 minute\" \/>\n<script type=\"application\/ld+json\" class=\"yoast-schema-graph\">{\"@context\":\"https:\/\/schema.org\",\"@graph\":[{\"@type\":\"WebPage\",\"@id\":\"https:\/\/verges.design\/fr\/products-2\/care\/\",\"url\":\"https:\/\/verges.design\/fr\/products-2\/care\/\",\"name\":\"Care - Verg\u00e9s\",\"isPartOf\":{\"@id\":\"https:\/\/verges.design\/fr\/#website\"},\"datePublished\":\"2024-02-21T07:35:57+00:00\",\"dateModified\":\"2025-03-28T09:44:40+00:00\",\"breadcrumb\":{\"@id\":\"https:\/\/verges.design\/fr\/products-2\/care\/#breadcrumb\"},\"inLanguage\":\"fr-FR\",\"potentialAction\":[{\"@type\":\"ReadAction\",\"target\":[\"https:\/\/verges.design\/fr\/products-2\/care\/\"]}]},{\"@type\":\"BreadcrumbList\",\"@id\":\"https:\/\/verges.design\/fr\/products-2\/care\/#breadcrumb\",\"itemListElement\":[{\"@type\":\"ListItem\",\"position\":1,\"name\":\"Home\",\"item\":\"https:\/\/verges.design\/fr\/\"},{\"@type\":\"ListItem\",\"position\":2,\"name\":\"Products\",\"item\":\"https:\/\/verges.design\/fr\/products-2\/\"},{\"@type\":\"ListItem\",\"position\":3,\"name\":\"Care\"}]},{\"@type\":\"WebSite\",\"@id\":\"https:\/\/verges.design\/fr\/#website\",\"url\":\"https:\/\/verges.design\/fr\/\",\"name\":\"Verg\u00e9s\",\"description\":\"Las sillas y muebles Verg\u00e9s son el resultado de la conjunci\u00f3n de experiencia, vocaci\u00f3n, calidad y dise\u00f1o. Creamos muebles de dise\u00f1o para contract.\",\"potentialAction\":[{\"@type\":\"SearchAction\",\"target\":{\"@type\":\"EntryPoint\",\"urlTemplate\":\"https:\/\/verges.design\/fr\/?s={search_term_string}\"},\"query-input\":{\"@type\":\"PropertyValueSpecification\",\"valueRequired\":true,\"valueName\":\"search_term_string\"}}],\"inLanguage\":\"fr-FR\"}]}<\/script>\n<!-- \/ Yoast SEO plugin. -->","yoast_head_json":{"title":"Care - Verg\u00e9s","robots":{"index":"index","follow":"follow","max-snippet":"max-snippet:-1","max-image-preview":"max-image-preview:large","max-video-preview":"max-video-preview:-1"},"canonical":"https:\/\/verges.design\/fr\/products-2\/care\/","og_locale":"fr_FR","og_type":"article","og_title":"Care - Verg\u00e9s","og_description":"Verg\u00e9s CARE privil\u00e9gie l&rsquo;ergonomie, l&rsquo;accessibilit\u00e9, la s\u00e9curit\u00e9 et le confort, sans compromettre le bien-\u00eatre et l&rsquo;esth\u00e9tique. Ces meubles inclusifs sont parfaitement adapt\u00e9s aux personnes qui doivent patienter ou se reposer longtemps, dans des endroits comme les r\u00e9sidences, les h\u00f4pitaux, les centres communautaires, les biblioth\u00e8ques, les h\u00f4tels et autres espaces am\u00e9nag\u00e9s pour les personnes \u00e2g\u00e9es.","og_url":"https:\/\/verges.design\/fr\/products-2\/care\/","og_site_name":"Verg\u00e9s","article_modified_time":"2025-03-28T09:44:40+00:00","twitter_card":"summary_large_image","twitter_misc":{"Dur\u00e9e de lecture estim\u00e9e":"1 minute"},"schema":{"@context":"https:\/\/schema.org","@graph":[{"@type":"WebPage","@id":"https:\/\/verges.design\/fr\/products-2\/care\/","url":"https:\/\/verges.design\/fr\/products-2\/care\/","name":"Care - Verg\u00e9s","isPartOf":{"@id":"https:\/\/verges.design\/fr\/#website"},"datePublished":"2024-02-21T07:35:57+00:00","dateModified":"2025-03-28T09:44:40+00:00","breadcrumb":{"@id":"https:\/\/verges.design\/fr\/products-2\/care\/#breadcrumb"},"inLanguage":"fr-FR","potentialAction":[{"@type":"ReadAction","target":["https:\/\/verges.design\/fr\/products-2\/care\/"]}]},{"@type":"BreadcrumbList","@id":"https:\/\/verges.design\/fr\/products-2\/care\/#breadcrumb","itemListElement":[{"@type":"ListItem","position":1,"name":"Home","item":"https:\/\/verges.design\/fr\/"},{"@type":"ListItem","position":2,"name":"Products","item":"https:\/\/verges.design\/fr\/products-2\/"},{"@type":"ListItem","position":3,"name":"Care"}]},{"@type":"WebSite","@id":"https:\/\/verges.design\/fr\/#website","url":"https:\/\/verges.design\/fr\/","name":"Verg\u00e9s","description":"Las sillas y muebles Verg\u00e9s son el resultado de la conjunci\u00f3n de experiencia, vocaci\u00f3n, calidad y dise\u00f1o. Creamos muebles de dise\u00f1o para contract.","potentialAction":[{"@type":"SearchAction","target":{"@type":"EntryPoint","urlTemplate":"https:\/\/verges.design\/fr\/?s={search_term_string}"},"query-input":{"@type":"PropertyValueSpecification","valueRequired":true,"valueName":"search_term_string"}}],"inLanguage":"fr-FR"}]}},"_links":{"self":[{"href":"https:\/\/verges.design\/fr\/wp-json\/wp\/v2\/pages\/16253"}],"collection":[{"href":"https:\/\/verges.design\/fr\/wp-json\/wp\/v2\/pages"}],"about":[{"href":"https:\/\/verges.design\/fr\/wp-json\/wp\/v2\/types\/page"}],"author":[{"embeddable":true,"href":"https:\/\/verges.design\/fr\/wp-json\/wp\/v2\/users\/3"}],"replies":[{"embeddable":true,"href":"https:\/\/verges.design\/fr\/wp-json\/wp\/v2\/comments?post=16253"}],"version-history":[{"count":21,"href":"https:\/\/verges.design\/fr\/wp-json\/wp\/v2\/pages\/16253\/revisions"}],"predecessor-version":[{"id":23003,"href":"https:\/\/verges.design\/fr\/wp-json\/wp\/v2\/pages\/16253\/revisions\/23003"}],"up":[{"embeddable":true,"href":"https:\/\/verges.design\/fr\/wp-json\/wp\/v2\/pages\/17325"}],"wp:attachment":[{"href":"https:\/\/verges.design\/fr\/wp-json\/wp\/v2\/media?parent=16253"}],"curies":[{"name":"wp","href":"https:\/\/api.w.org\/{rel}","templated":true}]}}