{"id":236,"date":"2019-01-10T15:50:40","date_gmt":"2019-01-10T15:50:40","guid":{"rendered":"https:\/\/verges.design\/privacy-policy\/"},"modified":"2022-05-29T18:59:11","modified_gmt":"2022-05-29T18:59:11","slug":"politica-privacidad","status":"publish","type":"page","link":"https:\/\/verges.design\/es\/politica-privacidad\/","title":{"rendered":"Pol\u00edtica privacidad p\u00e1gina web"},"content":{"rendered":"<h2>Ley Org\u00e1nica de PD y GDD 3\/2.018<\/h2>\n<p>SILLERIA VERG\u00c9S, SA<br \/>\nA17043597<br \/>\nCTRA BRUNELLS S\/N<br \/>\n972 28 72 77 www. verges.design<\/p>\n<p>1. T\u00e9rminos de uso<br \/>\n2. Pol\u00edtica de Privacidad. Cumplimiento<br \/>\n3. Derechos de Propiedad Intelectual e Industrial<br \/>\n4. Pol\u00edtica de cookies<br \/>\n5. Jurisdicci\u00f3n y fuero aplicable<\/p>\n<p>La presente informaci\u00f3n legal regula el uso del servicio del web www. verges.design que la raz\u00f3n social SILLERIA VERG\u00c9S, SA pone a disposici\u00f3n de los usuarios de Internet.<br \/>\nLa utilizaci\u00f3n del web atribuye la condici\u00f3n de usuario del Portal (en adelante, el &#8216;Usuario&#8217;) e implica la aceptaci\u00f3n plena y sin reservas de todas y cada una de las disposiciones incluidas en este Aviso Legal en la versi\u00f3n publicada por SILLERIA VERG\u00c9S, SA en el momento mismo en que el Usuario acceda al Portal y que ser\u00e1n de aplicaci\u00f3n independientemente de las condiciones generales de contrataci\u00f3n que en su caso resulten de obligado cumplimiento. En consecuencia, el Usuario debe leer atentamente el presente texto en cada una de las ocasiones en que se proponga utilizar el Portal, ya que puede sufrir modificaciones.<\/p>\n<h2>1. T\u00c9RMINOS DE USO<\/h2>\n<p>SILLERIA VERG\u00c9S, SA es la sociedad titular del web www. verges.design as\u00ed como del dominio [DOMINIO], el cual proporciona el acceso a multitud de informaciones, servicios, programas o datos en Internet (en adelante, \u201ccontenidos\u201d) pertenecientes a SILLERIA VERG\u00c9S, SA<br \/>\no a su dominio.<br \/>\nSILLERIA VERG\u00c9S, SA declina cualquier responsabilidad respecto a la informaci\u00f3n que se halle fuera de este web y no est\u00e9 gestionada directamente por suweb master, como enlaces o hiperv\u00ednculos hacia otros sitios de Internet.<br \/>\nSILLERIA VERG\u00c9S, SA se reserva el derecho a llevar a cabo el desarrollo, modificaci\u00f3n, exclusi\u00f3n o inclusi\u00f3n de textos o im\u00e1genes en el desarrollo de sus p\u00e1ginas web.<br \/>\nEl Usuario asume la responsabilidad del uso del portal, incluido el registro que fuese necesario para acceder a determinados servicios o contenidos y\/o de la posible contrase\u00f1a que se le pueda facilitar.<br \/>\nEl Usuario se compromete a hacer un uso adecuado de los contenidos y servicios (como foros de discusi\u00f3n, chats o grupos de noticias) que la web le ofrece y a no incurrir en actividades il\u00edcitas, ilegales o contrarias a la buena fe y al orden p\u00fablico de las que SILLERIA VERG\u00c9S, SA no ser\u00e1 responsable en ning\u00fan caso.<\/p>\n<h2>2. POL\u00cdTICA DE PRIVACIDAD. CUMPLIMIENTO<\/h2>\n<p>El Titular garantiza el cumplimiento de lo dispuesto en la Ley Org\u00e1nica de Protecci\u00f3n de Datos y Garant\u00eda de Derechos Digitales 3\/2.018 de 5 de diciembre de 2018 relativo a la protecci\u00f3n de las personas f\u00edsicas en lo que respecta al tratamiento de datos personales y a la libre circulaci\u00f3n de estos datos.<br \/>\nCuando le sean solicitados datos personales a trav\u00e9s del presente sitio web, el Usuario los incorporar\u00e1 voluntariamente, y ser\u00e1 debidamente informado de la identidad del solicitante, las finalidades de la solicitud, legitimaci\u00f3n para el tratamiento de los datos, as\u00ed como de la posibilidad y procedimiento para ejercer sus derechos conforme a lo dispuesto en la citada Ley Org\u00e1nica de PD y GDD 3\/2.018.<br \/>\nEl Usuario garantiza que los datos personales facilitados son veraces y se hace responsable de comunicar a SILLERIA VERG\u00c9S, SA cualquier modificaci\u00f3n de los mismos con el objetivo de mantener los datos actualizados. SILLERIA VERG\u00c9S, SA se reserva el derecho a excluir de los servicios a todo Usuario que haya facilitado datos falsos, sin perjuicio de las dem\u00e1s acciones que procedan en Derecho.<br \/>\nLa cumplimentaci\u00f3n de todos los datos solicitados es necesaria para lograr el \u00e9xito de los servicios puestos a disposici\u00f3n del usuario en el presente sitio web. De no facilitarse todos los datos o ser \u00e9stos inexactos, SILLERIA VERG\u00c9S, SA no garantiza que los servicios puedan prestarse correctamente o se ajusten a las necesidades del Usuario.<br \/>\nSILLERIA VERG\u00c9S, SA se compromete a recabar los datos que sean estrictamente necesarios para llevar a cabo el servicio demandado por el Usuario en cada caso, sin los cuales no ser\u00eda posible gestionar la prestaci\u00f3n. Asimismo SILLERIA VERG\u00c9S, SA se compromete a cumplir con el deber de secreto y confidencialidad respecto de los datos personales proporcionados por el Usuario de acuerdo con la legislaci\u00f3n aplicable.<br \/>\nSi tiene alguna pregunta sobre nuestra Pol\u00edtica de Privacidad, rogamos se ponga en contacto con nosotros enviando un correo electr\u00f3nico a contact@verges.design<\/p>\n<h2>3. DERECHOS DE PROPIEDAD INTELECTUAL E INDUSTRIAL<\/h2>\n<p>Todos los contenidos del web (incluyendo, sin car\u00e1cter limitativo: bases de datos, im\u00e1genes, dibujos, gr\u00e1ficos, archivos de texto, audio, v\u00eddeo y software) son propiedad de SILLERIA VERG\u00c9S, SA y est\u00e1n protegidos por las normas nacionales o internacionales de propiedad intelectual e industrial.<br \/>\nLas marcas, r\u00f3tulos, signos distintivos o logos de SILLERIA VERG\u00c9S, SA que aparecen en el web son titularidad de la misma entidad y como tal, est\u00e1n debidamente registrados.<br \/>\nTodos los textos, dibujos gr\u00e1ficos, v\u00eddeos o soportes de audio, propiedad de SILLERIA VERG\u00c9S, SA no podr\u00e1n ser objeto de ulterior modificaci\u00f3n, copia, alteraci\u00f3n, reproducci\u00f3n, adaptaci\u00f3n o traducci\u00f3n por parte del Usuario o de terceros sin la expresa autorizaci\u00f3n por parte de SILLERIA VERG\u00c9S, SA.<\/p>\n<h2>4. POL\u00cdTICA DE COOKIES<\/h2>\n<p>\u00bfQu\u00e9 son las cookies?<br \/>\nUna cookie es un fichero que se descarga en su ordenador al acceder a determinadas p\u00e1ginas web. Las cookies permiten a una p\u00e1gina web, entre otras cosas, almacenar y recuperar informaci\u00f3n sobre los h\u00e1bitos de navegaci\u00f3n de un usuario o de su equipo y, dependiendo de la informaci\u00f3n que contengan y de la forma en que utilice su equipo, pueden utilizarse para reconocer al usuario.<br \/>\nEsta p\u00e1gina web utiliza cookies para entender mejor su proceso de navegaci\u00f3n y facilitarle consecuentemente su uso, al visitarla acepta la instalaci\u00f3n de estos tipos de cookies en su dispositivo:<br \/>\nCookies de an\u00e1lisis (o funcionamiento): Son aqu\u00e9llas tratadas por nosotros o por terceros, nos permiten cuantificar el n\u00famero de usuarios y as\u00ed realizar la medici\u00f3n y an\u00e1lisis estad\u00edstico de la utilizaci\u00f3n que hacen los usuarios del servicio ofertado. Para ello se analiza su navegaci\u00f3n en nuestra p\u00e1gina web con el fin de mejorar la oferta de productos o servicios que le ofrecemos.<br \/>\nCookies de sistema (o navegaci\u00f3n): Son aqu\u00e9llas que usa el website para el correcto funcionamiento del mismo. Las cookies propias de la web son tratadas \u00fanicamente por SILLERIA VERG\u00c9S, SA.<br \/>\nEn cuanto a la utilizaci\u00f3n de cookies por terceros consulte en este enlace donde puede acceder a la pol\u00edtica de privacidad de estos servicios de Google.<br \/>\nDesactivaci\u00f3n o eliminaci\u00f3n de cookies<br \/>\nPuede usted permitir, bloquear o eliminar las cookies instaladas en su equipo mediante la configuraci\u00f3n de las opciones del navegador instalado en su ordenador.<\/p>\n<p>Para m\u00e1s informaci\u00f3n sobre el navegador Firefox pulse aqu\u00ed.<br \/>\nPara m\u00e1s informaci\u00f3n sobre el navegador Chrome pulse aqu\u00ed.<br \/>\nPara m\u00e1s informaci\u00f3n sobre el navegador Explorer pulse aqu\u00ed.<br \/>\nPara m\u00e1s informaci\u00f3n sobre el navegador Safari desde aqu\u00ed.<br \/>\nPara m\u00e1s informaci\u00f3n sobre el navegador Opera desde aqu\u00ed.<\/p>\n<p>El Usuario acepta expresamente, por la utilizaci\u00f3n de este sitio, el tratamiento de la informaci\u00f3n recabada en la forma y con los fines anteriormente mencionados. Y asimismo reconoce conocer la posibilidad de rechazar el tratamiento de tales datos o informaci\u00f3n rechazando el uso de Cookies mediante la selecci\u00f3n de la configuraci\u00f3n apropiada a tal fin en su navegador. Si bien esta opci\u00f3n de bloqueo de Cookies en su navegador puede no permitirle el uso pleno de todas las funcionalidades del Website.<\/p>\n<h2>5. JURISDICCI\u00d3N Y FUERO APLICABLE<\/h2>\n<p>En cumplimiento de lo previsto en el art. 10 de la Ley 34\/2002, de 11 de julio, Servicios de la Sociedad de la Informaci\u00f3n y Comercio Electr\u00f3nico se pone de manifiesto que la empresa SILLERIA VERG\u00c9S, SA CIF A17043597 Inscrita en el Registro Mercantil de GIRONA tomo 217, Folio 47, Hoja GI-4040, y es titular del dominio de internet ___________: \u201cwww. verges.design\u00bb, con domicilio en CTRA BRUNELLS S\/N Los conflictos que puedan surgir por la aplicaci\u00f3n de las presentes normas se regular\u00e1n por las leyes de Espa\u00f1a y ser\u00e1n resueltos por los juzgados y tribunales que correspondan seg\u00fan la jurisdicci\u00f3n territorial del domicilio social de la Compa\u00f1\u00eda o grupo.<\/p>\n","protected":false},"excerpt":{"rendered":"<p>Ley Org\u00e1nica de PD y GDD 3\/2.018 SILLERIA VERG\u00c9S, SA A17043597 CTRA BRUNELLS S\/N 972 28 72 77 www. verges.design 1. T\u00e9rminos de uso 2. Pol\u00edtica de Privacidad. Cumplimiento 3. Derechos de Propiedad Intelectual e Industrial 4. Pol\u00edtica de cookies 5. Jurisdicci\u00f3n y fuero aplicable La presente informaci\u00f3n legal regula el uso del servicio del [&hellip;]<\/p>\n","protected":false},"author":3,"featured_media":0,"parent":0,"menu_order":0,"comment_status":"closed","ping_status":"closed","template":"templates\/text.php","meta":{"_acf_changed":false,"footnotes":""},"class_list":["post-236","page","type-page","status-publish","hentry"],"acf":[],"yoast_head":"<!-- This site is optimized with the Yoast SEO plugin v25.6 - https:\/\/yoast.com\/wordpress\/plugins\/seo\/ -->\n<title>Pol\u00edtica privacidad p\u00e1gina web - Verg\u00e9s<\/title>\n<meta name=\"robots\" content=\"index, follow, max-snippet:-1, max-image-preview:large, max-video-preview:-1\" \/>\n<link rel=\"canonical\" href=\"https:\/\/verges.design\/es\/politica-privacidad\/\" \/>\n<meta property=\"og:locale\" content=\"es_ES\" \/>\n<meta property=\"og:type\" content=\"article\" \/>\n<meta property=\"og:title\" content=\"Pol\u00edtica privacidad p\u00e1gina web - Verg\u00e9s\" \/>\n<meta property=\"og:description\" content=\"Ley Org\u00e1nica de PD y GDD 3\/2.018 SILLERIA VERG\u00c9S, SA A17043597 CTRA BRUNELLS S\/N 972 28 72 77 www. verges.design 1. T\u00e9rminos de uso 2. Pol\u00edtica de Privacidad. Cumplimiento 3. Derechos de Propiedad Intelectual e Industrial 4. Pol\u00edtica de cookies 5. Jurisdicci\u00f3n y fuero aplicable La presente informaci\u00f3n legal regula el uso del servicio del [&hellip;]\" \/>\n<meta property=\"og:url\" content=\"https:\/\/verges.design\/es\/politica-privacidad\/\" \/>\n<meta property=\"og:site_name\" content=\"Verg\u00e9s\" \/>\n<meta property=\"article:modified_time\" content=\"2022-05-29T18:59:11+00:00\" \/>\n<meta name=\"twitter:card\" content=\"summary_large_image\" \/>\n<meta name=\"twitter:label1\" content=\"Tiempo de lectura\" \/>\n\t<meta name=\"twitter:data1\" content=\"7 minutos\" \/>\n<script type=\"application\/ld+json\" class=\"yoast-schema-graph\">{\"@context\":\"https:\/\/schema.org\",\"@graph\":[{\"@type\":\"WebPage\",\"@id\":\"https:\/\/verges.design\/es\/politica-privacidad\/\",\"url\":\"https:\/\/verges.design\/es\/politica-privacidad\/\",\"name\":\"Pol\u00edtica privacidad p\u00e1gina web - Verg\u00e9s\",\"isPartOf\":{\"@id\":\"https:\/\/verges.design\/es\/#website\"},\"datePublished\":\"2019-01-10T15:50:40+00:00\",\"dateModified\":\"2022-05-29T18:59:11+00:00\",\"breadcrumb\":{\"@id\":\"https:\/\/verges.design\/es\/politica-privacidad\/#breadcrumb\"},\"inLanguage\":\"es\",\"potentialAction\":[{\"@type\":\"ReadAction\",\"target\":[\"https:\/\/verges.design\/es\/politica-privacidad\/\"]}]},{\"@type\":\"BreadcrumbList\",\"@id\":\"https:\/\/verges.design\/es\/politica-privacidad\/#breadcrumb\",\"itemListElement\":[{\"@type\":\"ListItem\",\"position\":1,\"name\":\"Home\",\"item\":\"https:\/\/verges.design\/es\/\"},{\"@type\":\"ListItem\",\"position\":2,\"name\":\"Pol\u00edtica privacidad p\u00e1gina web\"}]},{\"@type\":\"WebSite\",\"@id\":\"https:\/\/verges.design\/es\/#website\",\"url\":\"https:\/\/verges.design\/es\/\",\"name\":\"Verg\u00e9s\",\"description\":\"Las sillas y muebles Verg\u00e9s son el resultado de la conjunci\u00f3n de experiencia, vocaci\u00f3n, calidad y dise\u00f1o. Creamos muebles de dise\u00f1o para contract.\",\"potentialAction\":[{\"@type\":\"SearchAction\",\"target\":{\"@type\":\"EntryPoint\",\"urlTemplate\":\"https:\/\/verges.design\/es\/?s={search_term_string}\"},\"query-input\":{\"@type\":\"PropertyValueSpecification\",\"valueRequired\":true,\"valueName\":\"search_term_string\"}}],\"inLanguage\":\"es\"}]}<\/script>\n<!-- \/ Yoast SEO plugin. -->","yoast_head_json":{"title":"Pol\u00edtica privacidad p\u00e1gina web - Verg\u00e9s","robots":{"index":"index","follow":"follow","max-snippet":"max-snippet:-1","max-image-preview":"max-image-preview:large","max-video-preview":"max-video-preview:-1"},"canonical":"https:\/\/verges.design\/es\/politica-privacidad\/","og_locale":"es_ES","og_type":"article","og_title":"Pol\u00edtica privacidad p\u00e1gina web - Verg\u00e9s","og_description":"Ley Org\u00e1nica de PD y GDD 3\/2.018 SILLERIA VERG\u00c9S, SA A17043597 CTRA BRUNELLS S\/N 972 28 72 77 www. verges.design 1. T\u00e9rminos de uso 2. Pol\u00edtica de Privacidad. Cumplimiento 3. Derechos de Propiedad Intelectual e Industrial 4. Pol\u00edtica de cookies 5. Jurisdicci\u00f3n y fuero aplicable La presente informaci\u00f3n legal regula el uso del servicio del [&hellip;]","og_url":"https:\/\/verges.design\/es\/politica-privacidad\/","og_site_name":"Verg\u00e9s","article_modified_time":"2022-05-29T18:59:11+00:00","twitter_card":"summary_large_image","twitter_misc":{"Tiempo de lectura":"7 minutos"},"schema":{"@context":"https:\/\/schema.org","@graph":[{"@type":"WebPage","@id":"https:\/\/verges.design\/es\/politica-privacidad\/","url":"https:\/\/verges.design\/es\/politica-privacidad\/","name":"Pol\u00edtica privacidad p\u00e1gina web - Verg\u00e9s","isPartOf":{"@id":"https:\/\/verges.design\/es\/#website"},"datePublished":"2019-01-10T15:50:40+00:00","dateModified":"2022-05-29T18:59:11+00:00","breadcrumb":{"@id":"https:\/\/verges.design\/es\/politica-privacidad\/#breadcrumb"},"inLanguage":"es","potentialAction":[{"@type":"ReadAction","target":["https:\/\/verges.design\/es\/politica-privacidad\/"]}]},{"@type":"BreadcrumbList","@id":"https:\/\/verges.design\/es\/politica-privacidad\/#breadcrumb","itemListElement":[{"@type":"ListItem","position":1,"name":"Home","item":"https:\/\/verges.design\/es\/"},{"@type":"ListItem","position":2,"name":"Pol\u00edtica privacidad p\u00e1gina web"}]},{"@type":"WebSite","@id":"https:\/\/verges.design\/es\/#website","url":"https:\/\/verges.design\/es\/","name":"Verg\u00e9s","description":"Las sillas y muebles Verg\u00e9s son el resultado de la conjunci\u00f3n de experiencia, vocaci\u00f3n, calidad y dise\u00f1o. Creamos muebles de dise\u00f1o para contract.","potentialAction":[{"@type":"SearchAction","target":{"@type":"EntryPoint","urlTemplate":"https:\/\/verges.design\/es\/?s={search_term_string}"},"query-input":{"@type":"PropertyValueSpecification","valueRequired":true,"valueName":"search_term_string"}}],"inLanguage":"es"}]}},"_links":{"self":[{"href":"https:\/\/verges.design\/es\/wp-json\/wp\/v2\/pages\/236"}],"collection":[{"href":"https:\/\/verges.design\/es\/wp-json\/wp\/v2\/pages"}],"about":[{"href":"https:\/\/verges.design\/es\/wp-json\/wp\/v2\/types\/page"}],"author":[{"embeddable":true,"href":"https:\/\/verges.design\/es\/wp-json\/wp\/v2\/users\/3"}],"replies":[{"embeddable":true,"href":"https:\/\/verges.design\/es\/wp-json\/wp\/v2\/comments?post=236"}],"version-history":[{"count":7,"href":"https:\/\/verges.design\/es\/wp-json\/wp\/v2\/pages\/236\/revisions"}],"predecessor-version":[{"id":11898,"href":"https:\/\/verges.design\/es\/wp-json\/wp\/v2\/pages\/236\/revisions\/11898"}],"wp:attachment":[{"href":"https:\/\/verges.design\/es\/wp-json\/wp\/v2\/media?parent=236"}],"curies":[{"name":"wp","href":"https:\/\/api.w.org\/{rel}","templated":true}]}}