{"id":2247,"date":"2019-02-21T20:51:34","date_gmt":"2019-02-21T20:51:34","guid":{"rendered":"https:\/\/verges.design\/collections\/"},"modified":"2023-04-13T12:06:53","modified_gmt":"2023-04-13T12:06:53","slug":"the-collections","status":"publish","type":"page","link":"https:\/\/verges.design\/es\/the-collections\/","title":{"rendered":"Collections"},"content":{"rendered":"","protected":false},"excerpt":{"rendered":"","protected":false},"author":3,"featured_media":0,"parent":0,"menu_order":0,"comment_status":"closed","ping_status":"closed","template":"templates\/collections.php","meta":{"_acf_changed":false,"footnotes":""},"class_list":["post-2247","page","type-page","status-publish","hentry"],"acf":[],"yoast_head":"<!-- This site is optimized with the Yoast SEO plugin v25.6 - https:\/\/yoast.com\/wordpress\/plugins\/seo\/ -->\n<title>Collections - Verg\u00e9s<\/title>\n<meta name=\"robots\" content=\"index, follow, max-snippet:-1, max-image-preview:large, max-video-preview:-1\" \/>\n<link rel=\"canonical\" href=\"https:\/\/verges.design\/es\/the-collections\/\" \/>\n<meta property=\"og:locale\" content=\"es_ES\" \/>\n<meta property=\"og:type\" content=\"article\" \/>\n<meta property=\"og:title\" content=\"Collections - Verg\u00e9s\" \/>\n<meta property=\"og:url\" content=\"https:\/\/verges.design\/es\/the-collections\/\" \/>\n<meta property=\"og:site_name\" content=\"Verg\u00e9s\" \/>\n<meta property=\"article:modified_time\" content=\"2023-04-13T12:06:53+00:00\" \/>\n<meta name=\"twitter:card\" content=\"summary_large_image\" \/>\n<script type=\"application\/ld+json\" class=\"yoast-schema-graph\">{\"@context\":\"https:\/\/schema.org\",\"@graph\":[{\"@type\":\"WebPage\",\"@id\":\"https:\/\/verges.design\/es\/the-collections\/\",\"url\":\"https:\/\/verges.design\/es\/the-collections\/\",\"name\":\"Collections - Verg\u00e9s\",\"isPartOf\":{\"@id\":\"https:\/\/verges.design\/es\/#website\"},\"datePublished\":\"2019-02-21T20:51:34+00:00\",\"dateModified\":\"2023-04-13T12:06:53+00:00\",\"breadcrumb\":{\"@id\":\"https:\/\/verges.design\/es\/the-collections\/#breadcrumb\"},\"inLanguage\":\"es\",\"potentialAction\":[{\"@type\":\"ReadAction\",\"target\":[\"https:\/\/verges.design\/es\/the-collections\/\"]}]},{\"@type\":\"BreadcrumbList\",\"@id\":\"https:\/\/verges.design\/es\/the-collections\/#breadcrumb\",\"itemListElement\":[{\"@type\":\"ListItem\",\"position\":1,\"name\":\"Home\",\"item\":\"https:\/\/verges.design\/es\/\"},{\"@type\":\"ListItem\",\"position\":2,\"name\":\"Collections\"}]},{\"@type\":\"WebSite\",\"@id\":\"https:\/\/verges.design\/es\/#website\",\"url\":\"https:\/\/verges.design\/es\/\",\"name\":\"Verg\u00e9s\",\"description\":\"Las sillas y muebles Verg\u00e9s son el resultado de la conjunci\u00f3n de experiencia, vocaci\u00f3n, calidad y dise\u00f1o. Creamos muebles de dise\u00f1o para contract.\",\"potentialAction\":[{\"@type\":\"SearchAction\",\"target\":{\"@type\":\"EntryPoint\",\"urlTemplate\":\"https:\/\/verges.design\/es\/?s={search_term_string}\"},\"query-input\":{\"@type\":\"PropertyValueSpecification\",\"valueRequired\":true,\"valueName\":\"search_term_string\"}}],\"inLanguage\":\"es\"}]}<\/script>\n<!-- \/ Yoast SEO plugin. -->","yoast_head_json":{"title":"Collections - Verg\u00e9s","robots":{"index":"index","follow":"follow","max-snippet":"max-snippet:-1","max-image-preview":"max-image-preview:large","max-video-preview":"max-video-preview:-1"},"canonical":"https:\/\/verges.design\/es\/the-collections\/","og_locale":"es_ES","og_type":"article","og_title":"Collections - Verg\u00e9s","og_url":"https:\/\/verges.design\/es\/the-collections\/","og_site_name":"Verg\u00e9s","article_modified_time":"2023-04-13T12:06:53+00:00","twitter_card":"summary_large_image","schema":{"@context":"https:\/\/schema.org","@graph":[{"@type":"WebPage","@id":"https:\/\/verges.design\/es\/the-collections\/","url":"https:\/\/verges.design\/es\/the-collections\/","name":"Collections - Verg\u00e9s","isPartOf":{"@id":"https:\/\/verges.design\/es\/#website"},"datePublished":"2019-02-21T20:51:34+00:00","dateModified":"2023-04-13T12:06:53+00:00","breadcrumb":{"@id":"https:\/\/verges.design\/es\/the-collections\/#breadcrumb"},"inLanguage":"es","potentialAction":[{"@type":"ReadAction","target":["https:\/\/verges.design\/es\/the-collections\/"]}]},{"@type":"BreadcrumbList","@id":"https:\/\/verges.design\/es\/the-collections\/#breadcrumb","itemListElement":[{"@type":"ListItem","position":1,"name":"Home","item":"https:\/\/verges.design\/es\/"},{"@type":"ListItem","position":2,"name":"Collections"}]},{"@type":"WebSite","@id":"https:\/\/verges.design\/es\/#website","url":"https:\/\/verges.design\/es\/","name":"Verg\u00e9s","description":"Las sillas y muebles Verg\u00e9s son el resultado de la conjunci\u00f3n de experiencia, vocaci\u00f3n, calidad y dise\u00f1o. Creamos muebles de dise\u00f1o para contract.","potentialAction":[{"@type":"SearchAction","target":{"@type":"EntryPoint","urlTemplate":"https:\/\/verges.design\/es\/?s={search_term_string}"},"query-input":{"@type":"PropertyValueSpecification","valueRequired":true,"valueName":"search_term_string"}}],"inLanguage":"es"}]}},"_links":{"self":[{"href":"https:\/\/verges.design\/es\/wp-json\/wp\/v2\/pages\/2247"}],"collection":[{"href":"https:\/\/verges.design\/es\/wp-json\/wp\/v2\/pages"}],"about":[{"href":"https:\/\/verges.design\/es\/wp-json\/wp\/v2\/types\/page"}],"author":[{"embeddable":true,"href":"https:\/\/verges.design\/es\/wp-json\/wp\/v2\/users\/3"}],"replies":[{"embeddable":true,"href":"https:\/\/verges.design\/es\/wp-json\/wp\/v2\/comments?post=2247"}],"version-history":[{"count":42,"href":"https:\/\/verges.design\/es\/wp-json\/wp\/v2\/pages\/2247\/revisions"}],"predecessor-version":[{"id":13879,"href":"https:\/\/verges.design\/es\/wp-json\/wp\/v2\/pages\/2247\/revisions\/13879"}],"wp:attachment":[{"href":"https:\/\/verges.design\/es\/wp-json\/wp\/v2\/media?parent=2247"}],"curies":[{"name":"wp","href":"https:\/\/api.w.org\/{rel}","templated":true}]}}