{"id":17326,"date":"2024-02-21T07:30:36","date_gmt":"2024-02-21T07:30:36","guid":{"rendered":"https:\/\/verges.design\/products-2\/"},"modified":"2026-02-26T10:46:26","modified_gmt":"2026-02-26T10:46:26","slug":"products-2","status":"publish","type":"page","link":"https:\/\/verges.design\/es\/products-2\/","title":{"rendered":"Products"},"content":{"rendered":"<p>Hace m\u00e1s de cincuenta a\u00f1os que en Verg\u00e9s trabajamos para que el mayor n\u00famero de personas puedan disfrutar cada d\u00eda del buen dise\u00f1o, la funcionalidad y el confort. En un di\u00e1logo constante entre lo artesanal y lo contempor\u00e1neo fabricamos mobiliario de calidad pensando siempre en los usuarios y en sus necesidades.<\/p>\n","protected":false},"excerpt":{"rendered":"<p>Hace m\u00e1s de cincuenta a\u00f1os que en Verg\u00e9s trabajamos para que el mayor n\u00famero de personas puedan disfrutar cada d\u00eda del buen dise\u00f1o, la funcionalidad y el confort. En un di\u00e1logo constante entre lo artesanal y lo contempor\u00e1neo fabricamos mobiliario de calidad pensando siempre en los usuarios y en sus necesidades.<\/p>\n","protected":false},"author":3,"featured_media":0,"parent":0,"menu_order":0,"comment_status":"closed","ping_status":"closed","template":"templates\/product-listing.php","meta":{"_acf_changed":false,"footnotes":""},"class_list":["post-17326","page","type-page","status-publish","hentry"],"acf":[],"yoast_head":"<!-- This site is optimized with the Yoast SEO plugin v25.6 - https:\/\/yoast.com\/wordpress\/plugins\/seo\/ -->\n<title>Products - Verg\u00e9s<\/title>\n<meta name=\"robots\" content=\"index, follow, max-snippet:-1, max-image-preview:large, max-video-preview:-1\" \/>\n<link rel=\"canonical\" href=\"https:\/\/verges.design\/es\/products-2\/\" \/>\n<meta property=\"og:locale\" content=\"es_ES\" \/>\n<meta property=\"og:type\" content=\"article\" \/>\n<meta property=\"og:title\" content=\"Products - Verg\u00e9s\" \/>\n<meta property=\"og:description\" content=\"Hace m\u00e1s de cincuenta a\u00f1os que en Verg\u00e9s trabajamos para que el mayor n\u00famero de personas puedan disfrutar cada d\u00eda del buen dise\u00f1o, la funcionalidad y el confort. En un di\u00e1logo constante entre lo artesanal y lo contempor\u00e1neo fabricamos mobiliario de calidad pensando siempre en los usuarios y en sus necesidades.\" \/>\n<meta property=\"og:url\" content=\"https:\/\/verges.design\/es\/products-2\/\" \/>\n<meta property=\"og:site_name\" content=\"Verg\u00e9s\" \/>\n<meta property=\"article:modified_time\" content=\"2026-02-26T10:46:26+00:00\" \/>\n<meta name=\"twitter:card\" content=\"summary_large_image\" \/>\n<meta name=\"twitter:label1\" content=\"Tiempo de lectura\" \/>\n\t<meta name=\"twitter:data1\" content=\"1 minuto\" \/>\n<script type=\"application\/ld+json\" class=\"yoast-schema-graph\">{\"@context\":\"https:\/\/schema.org\",\"@graph\":[{\"@type\":\"WebPage\",\"@id\":\"https:\/\/verges.design\/es\/products-2\/\",\"url\":\"https:\/\/verges.design\/es\/products-2\/\",\"name\":\"Products - Verg\u00e9s\",\"isPartOf\":{\"@id\":\"https:\/\/verges.design\/es\/#website\"},\"datePublished\":\"2024-02-21T07:30:36+00:00\",\"dateModified\":\"2026-02-26T10:46:26+00:00\",\"breadcrumb\":{\"@id\":\"https:\/\/verges.design\/es\/products-2\/#breadcrumb\"},\"inLanguage\":\"es\",\"potentialAction\":[{\"@type\":\"ReadAction\",\"target\":[\"https:\/\/verges.design\/es\/products-2\/\"]}]},{\"@type\":\"BreadcrumbList\",\"@id\":\"https:\/\/verges.design\/es\/products-2\/#breadcrumb\",\"itemListElement\":[{\"@type\":\"ListItem\",\"position\":1,\"name\":\"Home\",\"item\":\"https:\/\/verges.design\/es\/\"},{\"@type\":\"ListItem\",\"position\":2,\"name\":\"Products\"}]},{\"@type\":\"WebSite\",\"@id\":\"https:\/\/verges.design\/es\/#website\",\"url\":\"https:\/\/verges.design\/es\/\",\"name\":\"Verg\u00e9s\",\"description\":\"Las sillas y muebles Verg\u00e9s son el resultado de la conjunci\u00f3n de experiencia, vocaci\u00f3n, calidad y dise\u00f1o. Creamos muebles de dise\u00f1o para contract.\",\"potentialAction\":[{\"@type\":\"SearchAction\",\"target\":{\"@type\":\"EntryPoint\",\"urlTemplate\":\"https:\/\/verges.design\/es\/?s={search_term_string}\"},\"query-input\":{\"@type\":\"PropertyValueSpecification\",\"valueRequired\":true,\"valueName\":\"search_term_string\"}}],\"inLanguage\":\"es\"}]}<\/script>\n<!-- \/ Yoast SEO plugin. -->","yoast_head_json":{"title":"Products - Verg\u00e9s","robots":{"index":"index","follow":"follow","max-snippet":"max-snippet:-1","max-image-preview":"max-image-preview:large","max-video-preview":"max-video-preview:-1"},"canonical":"https:\/\/verges.design\/es\/products-2\/","og_locale":"es_ES","og_type":"article","og_title":"Products - Verg\u00e9s","og_description":"Hace m\u00e1s de cincuenta a\u00f1os que en Verg\u00e9s trabajamos para que el mayor n\u00famero de personas puedan disfrutar cada d\u00eda del buen dise\u00f1o, la funcionalidad y el confort. En un di\u00e1logo constante entre lo artesanal y lo contempor\u00e1neo fabricamos mobiliario de calidad pensando siempre en los usuarios y en sus necesidades.","og_url":"https:\/\/verges.design\/es\/products-2\/","og_site_name":"Verg\u00e9s","article_modified_time":"2026-02-26T10:46:26+00:00","twitter_card":"summary_large_image","twitter_misc":{"Tiempo de lectura":"1 minuto"},"schema":{"@context":"https:\/\/schema.org","@graph":[{"@type":"WebPage","@id":"https:\/\/verges.design\/es\/products-2\/","url":"https:\/\/verges.design\/es\/products-2\/","name":"Products - Verg\u00e9s","isPartOf":{"@id":"https:\/\/verges.design\/es\/#website"},"datePublished":"2024-02-21T07:30:36+00:00","dateModified":"2026-02-26T10:46:26+00:00","breadcrumb":{"@id":"https:\/\/verges.design\/es\/products-2\/#breadcrumb"},"inLanguage":"es","potentialAction":[{"@type":"ReadAction","target":["https:\/\/verges.design\/es\/products-2\/"]}]},{"@type":"BreadcrumbList","@id":"https:\/\/verges.design\/es\/products-2\/#breadcrumb","itemListElement":[{"@type":"ListItem","position":1,"name":"Home","item":"https:\/\/verges.design\/es\/"},{"@type":"ListItem","position":2,"name":"Products"}]},{"@type":"WebSite","@id":"https:\/\/verges.design\/es\/#website","url":"https:\/\/verges.design\/es\/","name":"Verg\u00e9s","description":"Las sillas y muebles Verg\u00e9s son el resultado de la conjunci\u00f3n de experiencia, vocaci\u00f3n, calidad y dise\u00f1o. Creamos muebles de dise\u00f1o para contract.","potentialAction":[{"@type":"SearchAction","target":{"@type":"EntryPoint","urlTemplate":"https:\/\/verges.design\/es\/?s={search_term_string}"},"query-input":{"@type":"PropertyValueSpecification","valueRequired":true,"valueName":"search_term_string"}}],"inLanguage":"es"}]}},"_links":{"self":[{"href":"https:\/\/verges.design\/es\/wp-json\/wp\/v2\/pages\/17326"}],"collection":[{"href":"https:\/\/verges.design\/es\/wp-json\/wp\/v2\/pages"}],"about":[{"href":"https:\/\/verges.design\/es\/wp-json\/wp\/v2\/types\/page"}],"author":[{"embeddable":true,"href":"https:\/\/verges.design\/es\/wp-json\/wp\/v2\/users\/3"}],"replies":[{"embeddable":true,"href":"https:\/\/verges.design\/es\/wp-json\/wp\/v2\/comments?post=17326"}],"version-history":[{"count":17,"href":"https:\/\/verges.design\/es\/wp-json\/wp\/v2\/pages\/17326\/revisions"}],"predecessor-version":[{"id":27218,"href":"https:\/\/verges.design\/es\/wp-json\/wp\/v2\/pages\/17326\/revisions\/27218"}],"wp:attachment":[{"href":"https:\/\/verges.design\/es\/wp-json\/wp\/v2\/media?parent=17326"}],"curies":[{"name":"wp","href":"https:\/\/api.w.org\/{rel}","templated":true}]}}