{"id":3245,"date":"2019-03-18T16:02:54","date_gmt":"2019-03-18T16:02:54","guid":{"rendered":"https:\/\/verges.design\/cookies-policy\/"},"modified":"2019-03-18T16:22:57","modified_gmt":"2019-03-18T16:22:57","slug":"cookies-policy","status":"publish","type":"page","link":"https:\/\/verges.design\/ca\/cookies-policy\/","title":{"rendered":"Pol\u00edtica de cookies"},"content":{"rendered":"<p>En compliment del disposat en l&#8217;article 22.2 de la Llei 34\/2002, d&#8217;11 de juliol del 2004, de Serveis de la Societat de la Informaci\u00f3 i el Comer\u00e7 Electr\u00f2nic, Silleria Verg\u00e9s S.A informa, en aquesta secci\u00f3, sobre la pol\u00edtica de reconeixement i tractament de cookies.<br \/>\nPer accedir a aquesta web ja heu estat informats sobre l\u2019\u00fas de les cookies a trav\u00e9s d\u2019una av\u00eds. Si ha accedit i segueix navegant, est\u00e0 acceptant la instal\u00b7laci\u00f3 de les cookies .<\/p>\n<h2>Qu\u00e9 son les cookies?<\/h2>\n<p>Una cookie \u00e9s un fitxer que es descarrega en el vostre ordinador o equip per accedir a les p\u00e0gines web determinades. Les cookies permeten emmagatzemar i recuperar la informaci\u00f3 sobre els buits de navegaci\u00f3 de l\u2019Usuari d\u2019equip i de la vostra p\u00e0gina web, entre altres coses, i utilitzar-los per recuperar la informaci\u00f3 que s\u2019utilitza per recon\u00e8ixer a l\u2019usuari.<\/p>\n<h2>Quin tipus de cookies utilitza aquesta p\u00e0gina web?<\/h2>\n<p>Silleria Verg\u00e9s S.A utilitza els seg\u00fcents tipus de cookies:<\/p>\n<p>Cookies d&#8217;an\u00e0lisi: S\u00f3n aquelles que ben tractades per nosaltres o per tercers, ens permeten quantificar el nombre d&#8217;usuaris i aix\u00ed realitzar el mesurament i an\u00e0lisi estad\u00edstica de la utilitzaci\u00f3 que fan els usuaris del servei ofert. Per aix\u00f2 s&#8217;analitza la seva navegaci\u00f3 a la nostra p\u00e0gina web per tal de millorar l&#8217;oferta de productes o serveis que t&#8217;oferim.<\/p>\n<p>Cookies t\u00e8cniques: S\u00f3n aquelles que permeten a l&#8217;usuari la navegaci\u00f3 a trav\u00e9s de l&#8217;\u00e0rea restringida i la utilitzaci\u00f3 dels seus diferents funcions, com per exemple, portar a canvi el proc\u00e9s de compra d&#8217;un article.<\/p>\n<p>Cookies de personalitzaci\u00f3: S\u00f3n aquelles que permeten a l&#8217;Usuari accedir al servei amb algunes caracter\u00edstiques de car\u00e0cter general predefinides en funci\u00f3 d&#8217;una s\u00e8rie de criteris en el terminal de l&#8217;usuari com ara serien l&#8217;idioma o el tipus de navegador mitjan\u00e7ant el qual es connecta al servei.<\/p>\n<p>Cookies publicit\u00e0ries: S\u00f3n aquelles que, ben tractades per aquesta web o per tercers, permeten gestionar de la forma m\u00e9s efica\u00e7 possible l&#8217;oferta dels espais publicitaris que hi ha a la p\u00e0gina web, adequant el contingut de l&#8217;anunci al contingut del servei sol\u00b7licitat o l&#8217;\u00fas que facis de la nostra p\u00e0gina web. Per a aix\u00f2 podem analitzar els teus h\u00e0bits de navegaci\u00f3 a Internet i podem mostrar publicitat relacionada amb el teu perfil de navegaci\u00f3.<\/p>\n<p>Cookies de publicitat comportamental: S\u00f3n aquelles que permeten la gesti\u00f3, de la forma m\u00e9s efica\u00e7 possible, dels espais publicitaris que, si escau, l&#8217;editor hagi incl\u00f2s en una p\u00e0gina web, aplicaci\u00f3 o plataforma des de la qual presta el servei sol\u00b7licitat. Aquest tipus de cookies emmagatzemen informaci\u00f3 del comportament dels visitants obtinguda a trav\u00e9s de l&#8217;observaci\u00f3 continuada dels seus h\u00e0bits de navegaci\u00f3, el que permet desenvolupar un perfil espec\u00edfic per mostrar avisos publicitaris en funci\u00f3 del mateix.<\/p>\n<h2>Inhabilita les cookies<\/h2>\n<p>L&#8217;usuari pot permetre, bloquejar o eliminar les cookies instal\u00b7lades en el seu equip mitjan\u00e7ant la configuraci\u00f3 de les opcions del navegador en el vostre ordinador. En la majoria dels navegadors web s&#8217;ofereix la possibilitat de permetre, bloquejar o eliminar les cookies instal\u00b7lades en el seu equip. A continuaci\u00f3 pots accedir a la configuraci\u00f3 dels navegadors webs m\u00e9s freq\u00fcents per acceptar, instal\u00b7lar o desactivar les cookies:<\/p>\n<ul>\n<li><a href=\"https:\/\/support.google.com\/chrome\/answer\/95647?hl=es\" target=\"_blank\" rel=\"noopener noreferrer\">Configura cookies en Google Chrome<\/a><\/li>\n<li><a href=\"https:\/\/www.modelosycontratos.com\/politica-de-cookies\/Configurar%20cookies%20en%20Microsoft%20Internet%20Explorer\" target=\"_blank\" rel=\"noopener noreferrer\">Configura cookies a Microsoft Internet Explorer<\/a><\/li>\n<li><a href=\"https:\/\/support.mozilla.org\/es\/kb\/habilitar-y-deshabilitar-cookies-sitios-web-rastrear-preferencias?redirectlocale=es&amp;redirectslug=habilitar-y-deshabilitar-cookies-que-los-sitios-we\" target=\"_blank\" rel=\"noopener noreferrer\">Configura cookies a MozillaFirefox<\/a><\/li>\n<li><a href=\"http:\/\/Configurar\u00a0cookies\u00a0en Safari (Apple)\" target=\"_blank\" rel=\"noopener noreferrer\">Configura cookies a Safari (Apple)<\/a><\/li>\n<\/ul>\n<h2>Cookies de tercers<\/h2>\n<p>Silleria Verges S.A utilitza serveis de tercers per recopilar informaci\u00f3 amb fins estad\u00edstics i d&#8217;\u00fas de la web. S&#8217;usen cookies de DoubleClick per millorar la publicitat que s&#8217;inclou en el lloc web. S\u00f3n utilitzades per orientar la publicitat segons el contingut que \u00e9s rellevant per a un usuari, millorant aix\u00ed la qualitat d&#8217;experi\u00e8ncia en l&#8217;\u00fas del mateix.<br \/>\nEn concret, fem servir els serveis de Google Adsense i d&#8217;Analytics per a les nostres estad\u00edstiques i publicitat. Algunes cookies s\u00f3n essencials per al funcionament del lloc, per exemple el cercador incorporat.<br \/>\nEl nostre lloc inclou altres funcionalitats proporcionades per tercers. L&#8217;usuari pot f\u00e0cilment compartir el contingut en xarxes socials com Facebook, Twitter o Google+, amb els botons que hem incl\u00f2s a aquest efecte.<\/p>\n<h2>Advert\u00e8ncia sobre eliminar cookies<\/h2>\n<p>L&#8217;Usuari pot eliminar i bloquejar totes les cookies d&#8217;aquest lloc, per\u00f2 part del lloc no funcionar\u00e0 o la qualitat de la p\u00e0gina web i dels Continguts poden veure afectats.<\/p>\n","protected":false},"excerpt":{"rendered":"<p>En compliment del disposat en l&#8217;article 22.2 de la Llei 34\/2002, d&#8217;11 de juliol del 2004, de Serveis de la Societat de la Informaci\u00f3 i el Comer\u00e7 Electr\u00f2nic, Silleria Verg\u00e9s S.A informa, en aquesta secci\u00f3, sobre la pol\u00edtica de reconeixement i tractament de cookies. Per accedir a aquesta web ja heu estat informats sobre l\u2019\u00fas [&hellip;]<\/p>\n","protected":false},"author":3,"featured_media":0,"parent":0,"menu_order":0,"comment_status":"closed","ping_status":"closed","template":"templates\/text.php","meta":{"_acf_changed":false,"footnotes":""},"class_list":["post-3245","page","type-page","status-publish","hentry"],"acf":[],"yoast_head":"<!-- This site is optimized with the Yoast SEO plugin v25.6 - https:\/\/yoast.com\/wordpress\/plugins\/seo\/ -->\n<title>Pol\u00edtica de cookies - Verg\u00e9s<\/title>\n<meta name=\"robots\" content=\"index, follow, max-snippet:-1, max-image-preview:large, max-video-preview:-1\" \/>\n<link rel=\"canonical\" href=\"https:\/\/verges.design\/ca\/cookies-policy\/\" \/>\n<meta property=\"og:locale\" content=\"ca_ES\" \/>\n<meta property=\"og:type\" content=\"article\" \/>\n<meta property=\"og:title\" content=\"Pol\u00edtica de cookies - Verg\u00e9s\" \/>\n<meta property=\"og:description\" content=\"En compliment del disposat en l&#8217;article 22.2 de la Llei 34\/2002, d&#8217;11 de juliol del 2004, de Serveis de la Societat de la Informaci\u00f3 i el Comer\u00e7 Electr\u00f2nic, Silleria Verg\u00e9s S.A informa, en aquesta secci\u00f3, sobre la pol\u00edtica de reconeixement i tractament de cookies. Per accedir a aquesta web ja heu estat informats sobre l\u2019\u00fas [&hellip;]\" \/>\n<meta property=\"og:url\" content=\"https:\/\/verges.design\/ca\/cookies-policy\/\" \/>\n<meta property=\"og:site_name\" content=\"Verg\u00e9s\" \/>\n<meta property=\"article:modified_time\" content=\"2019-03-18T16:22:57+00:00\" \/>\n<meta name=\"twitter:card\" content=\"summary_large_image\" \/>\n<meta name=\"twitter:label1\" content=\"Temps estimat de lectura\" \/>\n\t<meta name=\"twitter:data1\" content=\"4 minuts\" \/>\n<script type=\"application\/ld+json\" class=\"yoast-schema-graph\">{\"@context\":\"https:\/\/schema.org\",\"@graph\":[{\"@type\":\"WebPage\",\"@id\":\"https:\/\/verges.design\/ca\/cookies-policy\/\",\"url\":\"https:\/\/verges.design\/ca\/cookies-policy\/\",\"name\":\"Pol\u00edtica de cookies - Verg\u00e9s\",\"isPartOf\":{\"@id\":\"https:\/\/verges.design\/ca\/#website\"},\"datePublished\":\"2019-03-18T16:02:54+00:00\",\"dateModified\":\"2019-03-18T16:22:57+00:00\",\"breadcrumb\":{\"@id\":\"https:\/\/verges.design\/ca\/cookies-policy\/#breadcrumb\"},\"inLanguage\":\"ca\",\"potentialAction\":[{\"@type\":\"ReadAction\",\"target\":[\"https:\/\/verges.design\/ca\/cookies-policy\/\"]}]},{\"@type\":\"BreadcrumbList\",\"@id\":\"https:\/\/verges.design\/ca\/cookies-policy\/#breadcrumb\",\"itemListElement\":[{\"@type\":\"ListItem\",\"position\":1,\"name\":\"Home\",\"item\":\"https:\/\/verges.design\/ca\/\"},{\"@type\":\"ListItem\",\"position\":2,\"name\":\"Pol\u00edtica de cookies\"}]},{\"@type\":\"WebSite\",\"@id\":\"https:\/\/verges.design\/ca\/#website\",\"url\":\"https:\/\/verges.design\/ca\/\",\"name\":\"Verg\u00e9s\",\"description\":\"Las sillas y muebles Verg\u00e9s son el resultado de la conjunci\u00f3n de experiencia, vocaci\u00f3n, calidad y dise\u00f1o. Creamos muebles de dise\u00f1o para contract.\",\"potentialAction\":[{\"@type\":\"SearchAction\",\"target\":{\"@type\":\"EntryPoint\",\"urlTemplate\":\"https:\/\/verges.design\/ca\/?s={search_term_string}\"},\"query-input\":{\"@type\":\"PropertyValueSpecification\",\"valueRequired\":true,\"valueName\":\"search_term_string\"}}],\"inLanguage\":\"ca\"}]}<\/script>\n<!-- \/ Yoast SEO plugin. -->","yoast_head_json":{"title":"Pol\u00edtica de cookies - Verg\u00e9s","robots":{"index":"index","follow":"follow","max-snippet":"max-snippet:-1","max-image-preview":"max-image-preview:large","max-video-preview":"max-video-preview:-1"},"canonical":"https:\/\/verges.design\/ca\/cookies-policy\/","og_locale":"ca_ES","og_type":"article","og_title":"Pol\u00edtica de cookies - Verg\u00e9s","og_description":"En compliment del disposat en l&#8217;article 22.2 de la Llei 34\/2002, d&#8217;11 de juliol del 2004, de Serveis de la Societat de la Informaci\u00f3 i el Comer\u00e7 Electr\u00f2nic, Silleria Verg\u00e9s S.A informa, en aquesta secci\u00f3, sobre la pol\u00edtica de reconeixement i tractament de cookies. Per accedir a aquesta web ja heu estat informats sobre l\u2019\u00fas [&hellip;]","og_url":"https:\/\/verges.design\/ca\/cookies-policy\/","og_site_name":"Verg\u00e9s","article_modified_time":"2019-03-18T16:22:57+00:00","twitter_card":"summary_large_image","twitter_misc":{"Temps estimat de lectura":"4 minuts"},"schema":{"@context":"https:\/\/schema.org","@graph":[{"@type":"WebPage","@id":"https:\/\/verges.design\/ca\/cookies-policy\/","url":"https:\/\/verges.design\/ca\/cookies-policy\/","name":"Pol\u00edtica de cookies - Verg\u00e9s","isPartOf":{"@id":"https:\/\/verges.design\/ca\/#website"},"datePublished":"2019-03-18T16:02:54+00:00","dateModified":"2019-03-18T16:22:57+00:00","breadcrumb":{"@id":"https:\/\/verges.design\/ca\/cookies-policy\/#breadcrumb"},"inLanguage":"ca","potentialAction":[{"@type":"ReadAction","target":["https:\/\/verges.design\/ca\/cookies-policy\/"]}]},{"@type":"BreadcrumbList","@id":"https:\/\/verges.design\/ca\/cookies-policy\/#breadcrumb","itemListElement":[{"@type":"ListItem","position":1,"name":"Home","item":"https:\/\/verges.design\/ca\/"},{"@type":"ListItem","position":2,"name":"Pol\u00edtica de cookies"}]},{"@type":"WebSite","@id":"https:\/\/verges.design\/ca\/#website","url":"https:\/\/verges.design\/ca\/","name":"Verg\u00e9s","description":"Las sillas y muebles Verg\u00e9s son el resultado de la conjunci\u00f3n de experiencia, vocaci\u00f3n, calidad y dise\u00f1o. Creamos muebles de dise\u00f1o para contract.","potentialAction":[{"@type":"SearchAction","target":{"@type":"EntryPoint","urlTemplate":"https:\/\/verges.design\/ca\/?s={search_term_string}"},"query-input":{"@type":"PropertyValueSpecification","valueRequired":true,"valueName":"search_term_string"}}],"inLanguage":"ca"}]}},"_links":{"self":[{"href":"https:\/\/verges.design\/ca\/wp-json\/wp\/v2\/pages\/3245"}],"collection":[{"href":"https:\/\/verges.design\/ca\/wp-json\/wp\/v2\/pages"}],"about":[{"href":"https:\/\/verges.design\/ca\/wp-json\/wp\/v2\/types\/page"}],"author":[{"embeddable":true,"href":"https:\/\/verges.design\/ca\/wp-json\/wp\/v2\/users\/3"}],"replies":[{"embeddable":true,"href":"https:\/\/verges.design\/ca\/wp-json\/wp\/v2\/comments?post=3245"}],"version-history":[{"count":3,"href":"https:\/\/verges.design\/ca\/wp-json\/wp\/v2\/pages\/3245\/revisions"}],"predecessor-version":[{"id":3248,"href":"https:\/\/verges.design\/ca\/wp-json\/wp\/v2\/pages\/3245\/revisions\/3248"}],"wp:attachment":[{"href":"https:\/\/verges.design\/ca\/wp-json\/wp\/v2\/media?parent=3245"}],"curies":[{"name":"wp","href":"https:\/\/api.w.org\/{rel}","templated":true}]}}