{"id":2697,"date":"2019-01-10T15:50:40","date_gmt":"2019-01-10T15:50:40","guid":{"rendered":"https:\/\/verges.design\/privacy-policy\/"},"modified":"2022-05-29T18:57:33","modified_gmt":"2022-05-29T18:57:33","slug":"politica-privacitat","status":"publish","type":"page","link":"https:\/\/verges.design\/ca\/politica-privacitat\/","title":{"rendered":"Pol\u00edtica privacitat p\u00e0gina web"},"content":{"rendered":"<h2>Llei Org\u00e0nica de PROTECCI\u00d3 DE DADES I GARANTIA DE DRETS FONAMENTALS 3\/2018<\/h2>\n<p>SILLERIA VERG\u00c9S, SA<br \/>\nA17043597<br \/>\nCTRA BRUNELLS S\/N<br \/>\n972 28 72 77 www. verges.design<\/p>\n<p>1. Termes d&#8217;\u00fas<br \/>\n2. Pol\u00edtica de Privacitat. Compliment<br \/>\n3. Drets de Propietat Intel\u00b7lectual i Industrial<br \/>\n4. Pol\u00edtica de cookies<br \/>\n5. Jurisdicci\u00f3 i fur aplicable<\/p>\n<p>La present informaci\u00f3 legal regula l&#8217;\u00fas del servei del web www. verges.design que la ra\u00f3 social SILLERIA VERG\u00c9S, SA posa a la disposici\u00f3 dels usuaris d&#8217;Internet.<\/p>\n<p>L\u2019\u00fas de la p\u00e0gina web atribueix la condici\u00f3 d&#8217;usuari del Portal (d&#8217;ara en endavant, l&#8221;Usuari&#8217;) i implica l&#8217;acceptaci\u00f3 plena i sense reserves de totes i cadascuna de les disposicions incloses en aquest Av\u00eds Legal en la versi\u00f3 publicada per SILLERIA VERG\u00c9S, SA, en el moment mateix que l&#8217;Usuari accedeixi al Portal i que seran aplicable independentment de les condicions generals de contractaci\u00f3 que si escau resultin d&#8217;obligat compliment. En conseq\u00fc\u00e8ncia, l&#8217;Usuari ha de llegir atentament el present text en cadascuna de les ocasions en qu\u00e8 es proposi utilitzar el Portal, ja que pot sofrir modificacions.<\/p>\n<h2>1. TERMES D\u2019\u00daS<\/h2>\n<p>SILLERIA VERG\u00c9S, SA \u00e9s la societat titular de la web www. verges.design aix\u00ed com del domini__________________________________, el qual proporciona l&#8217;acc\u00e9s a multitud d&#8217;informacions, serveis, programes o dades en Internet (d&#8217;ara en endavant, \u201ccontinguts\u201d) pertanyents a SILLERIA VERG\u00c9S, SA o al seu domini.<\/p>\n<p>SILLERIA VERG\u00c9S, SA declina qualsevol responsabilitat respecte a la informaci\u00f3 que es trobi fora d&#8217;aquest web i no estigui gestionada directament pel seu web m\u00e0ster, com a enlla\u00e7os o hipervincles cap a altres llocs d&#8217;Internet. SILLERIA VERG\u00c9S, SA es reserva el dret a portar a terme el desenvolupament, modificaci\u00f3, exclusi\u00f3 o inclusi\u00f3 de textos o imatges en el desenvolupament de les seves p\u00e0gines web.<br \/>\nL&#8217;Usuari assumeix la responsabilitat de l&#8217;\u00fas del portal, incl\u00f2s el registre que fos necessari per a accedir a determinats serveis o continguts i\/o de la possible contrasenya que se li pugui facilitar.<\/p>\n<p>L&#8217;Usuari es compromet a fer un \u00fas adequat dels continguts i serveis (com a f\u00f2rums de discussi\u00f3, xats o grups de not\u00edcies) que la web li ofereix i a no inc\u00f3rrer en activitats il\u00b7l\u00edcites, il\u00b7legals o contr\u00e0ries a la bona fe i a l&#8217;ordre p\u00fablic de les quals SILLERIA VERG\u00c9S, SA no ser\u00e0 responsable en cap cas.<\/p>\n<h2>2. POL\u00cdTICA DE PRIVACITAT. COMPLIMENT<\/h2>\n<p>El Titular garanteix el compliment d\u2019all\u00f2 descrit a la Llei Org\u00e0nica de Protecci\u00f3 de Dades i Garantia de Drets Digitals 3\/2.018 de 5 de desembre de 2018 relatiu a la protecci\u00f3 de persones f\u00edsiques pel que respecta al tractament de dades personals i a la lliure circulaci\u00f3 d\u2019aquestes dades.<br \/>\nQuan li siguin sol\u00b7licitades les dades personals a trav\u00e9s del present lloc web, l\u2019 Usuari els incorporar\u00e0 volunt\u00e0riament i ser\u00e0 degudament informat de la identitat del sol\u00b7licitant, les finalitats de la sol\u00b7licitud, legitima pel seu tractament de dades, aix\u00ed com la possibilitat i procediment per exercir els seus drets conforme all\u00f2 disposat a la citada Llei Org\u00e0nica de PD i Garantia de Drets Digitals 3\/2018.<br \/>\nL\u2019 usuari garanteix que les dades personals facilitades seran veraces i es fa responsable de comunicar a SILLERIA VERG\u00c9S, SA qualsevol modificaci\u00f3 de les mateixes amb l\u2019objectiu de mantenir les dades actualitzades.<\/p>\n<p>SILLERIA VERG\u00c9S, SA es reserva el dret a excloure dels serveis tot Usuari que hagi facilitat dades falses, sense prejudici de les altres accions que procedeixin en Dret.<br \/>\nLa complementaci\u00f3 de totes les dades sol\u00b7licitades \u00e9s necess\u00e0ria per aconseguir l\u2019\u00e8xit dels serveis posats a disposici\u00f3 de l\u2019usuari en el present lloc web. De no facilitar-se totes les dades o ser aquestes inexactes, SILLERIA VERG\u00c9S, SA no garanteix que els serveis puguin prestar-se correctament o s\u2019ajustin a les necessitats de l\u2019Usuari.<\/p>\n<p>SILLERIA VERG\u00c9S, SA es compromet a recopilar les dades que siguin estrictament necess\u00e0ries per dur a terme el servei demandat per l\u2019Usuari en cada cas, sense els quals no seria possible gestionar la prestaci\u00f3. Aix\u00ed mateix SILLERIA VERG\u00c9S, SA es compromet a complir amb el deure de secret i confidencialitat respecte les dades personals proporcionades per l\u2019Usuari d\u2019acord amb la legislaci\u00f3 aplicable.<br \/>\nSi te alguna pregunta sobre la nostra Pol\u00edtica de Privacitat, preguem es posi en contacte amb nosaltres enviant un correu electr\u00f2nic a contact@verges.design.<\/p>\n<h2>3. DRETS DE PROPIETAT INTELECTUAL I INDUSTRIAL<\/h2>\n<p>Tots els continguts web (incloent, sense car\u00e0cter limitatiu: bases dedades, imatges, dibuixos, gr\u00e0fics, arxius de text, \u00e0udio, v\u00eddeo, software, etc.) son propietat de SILLERIA VERG\u00c9S, SA i estan protegits per les normes nacionals i internacionals de propietat intel\u00b7lectual i industrial.<br \/>\nLes marques, r\u00e8tols, signes distintius o logos de SILLERIA VERG\u00c9S, SA que apareixen en el web son titularitat de la mateixa entitat i com a tal, estan degudament registrats.<\/p>\n<p>Tots els textos, dibuixos gr\u00e0fics, v\u00eddeos o suports d\u2019\u00e0udio, propietat de SILLERIA VERG\u00c9S, SA no podran ser objecte de ulterior modificaci\u00f3, copia, alteraci\u00f3, reproducci\u00f3, adaptaci\u00f3 o traducci\u00f3 per part de l\u2019Usuari o de tercers sense expressa autoritzaci\u00f3 per part de SILLERIA VERG\u00c9S, SA.<\/p>\n<h2>4. POLITICA DE COOKIES<\/h2>\n<p>Qu\u00e8 son las cookies?<br \/>\nUna cookie \u00e9s un fitxer que es descarrega en el seu ordinador al accedir a determinades p\u00e0gines web, entre altres coses, emmagatzemar i recuperar informaci\u00f3 sobre els h\u00e0bits de navegaci\u00f3 d\u2019un usuari o del seu equip i, depenent de la informaci\u00f3 que continguin i de la forma en qu\u00e8 s\u2019utilitzi l\u2019equip, poden utilitzar per recon\u00e8ixer a l\u2019usuari.<br \/>\nAquesta p\u00e0gina web utilitza cookies per entendre millor el seu proc\u00e9s de navegaci\u00f3 i facilitar-li conseq\u00fcentment el seu \u00fas, al visitar-la accepta la instal\u00b7laci\u00f3 d\u2019aquests tipus de cookies en el seu dispositiu.<br \/>\nCookies d\u2019an\u00e0lisis (o funcionament): Son aquelles tractades per nosaltres o per tercers, ens permeten quantificar el n\u00famero d\u2019usuaris i aix\u00ed realitzar la medici\u00f3 i an\u00e0lisis estad\u00edstic de la utilitzaci\u00f3 que fan els usuaris del servei ofertat. Per aix\u00f2 s\u2019analitza la seva navegaci\u00f3 a la nostra p\u00e0gina web amb la finalitat de millorar la oferta de productes o serveis que li oferim.<br \/>\nCookies de sistema (o navegaci\u00f3): Son aquelles que utilitza l\u2019usuari pel correcte funcionament del mateix. Les cookies pr\u00f2pies de la web son tractades \u00fanicament per SILLERIA VERG\u00c9S, SA.<\/p>\n<p>En quant a la utilitzaci\u00f3 de cookies per tercers consulti en aquest enlla\u00e7 on pugui accedir a la pol\u00edtica de privacitat d\u2019aquests serveis de Google.<br \/>\nDesactivaci\u00f3 o eliminaci\u00f3 de cookies<br \/>\nPot vost\u00e8 permetre, bloquejar o eliminar les cookies instal\u00b7lades en el seu equip mitjan\u00e7ant la configuraci\u00f3 de les opcions del navegador instal\u00b7lat al seu ordinador.<\/p>\n<p>Per m\u00e9s informaci\u00f3 sobre el navegador Firefox premi aqu\u00ed.<br \/>\nPer m\u00e9s informaci\u00f3 sobre el navegador Chrome premi aqu\u00ed.<br \/>\nPer m\u00e9s informaci\u00f3 sobre el navegador Explorer premi aqu\u00ed.<br \/>\nPer m\u00e9s informaci\u00f3 sobre el navegador Safari premi aqu\u00ed.<br \/>\nPer m\u00e9s informaci\u00f3 sobre el navegador Opera premi aqu\u00ed.<\/p>\n<p>L\u2019 usuari accepta expressament, per la utilitzaci\u00f3 d\u2019aquest lloc, el tractament de la informaci\u00f3 recopilada en la forma i amb els fins anteriorment mencionats. I aix\u00ed mateix, reconeix con\u00e8ixer la possibilitat de refusar el tractament d\u2019aquestes dades o informaci\u00f3 refusant l\u2019\u00fas de Cookies mitjan\u00e7ant la selecci\u00f3 de la configuraci\u00f3 apropiada per aquesta finalitat al seu navegador. Si b\u00e9 aquesta opci\u00f3 de bloqueig de Cookies en el seu navegador pot no permetre l\u2019\u00fas ple de totes les funcionalitats del Website.<\/p>\n<h2>5. JURISDICCI\u00d3 I FORO APLICABLE<\/h2>\n<p>En compliment d\u2019all\u00f2 previst a l\u2019article 10 de la Llei 34\/2002, d\u2019 11 de juliol, Serveis de la Societat de la Informaci\u00f3 i Comer\u00e7 Electr\u00f2nic es posa de manifest que l\u2019empresa SILLERIA VERG\u00c9S, SA CIF A17043597 Inscrita al Registre Mercantil de GIRONA Volum 217, Foli 47, Fulla GI-4040, i \u00e9s titular del domini d\u2019 Internet ____________________:<br \/>\n\u201cwww. verges.design &#8220;, amb domicili a CTRA BRUNELLS S\/N. Els conflictes que puguin sorgir per l\u2019aplicaci\u00f3 de les presents normes es regularan per les lleis d\u2019 Espanyai seranresoltes pels jutjats i tribunals que corresponguin segons la jurisdicci\u00f3 territorial del domicili social de la Companyia o grup.<\/p>\n","protected":false},"excerpt":{"rendered":"<p>Llei Org\u00e0nica de PROTECCI\u00d3 DE DADES I GARANTIA DE DRETS FONAMENTALS 3\/2018 SILLERIA VERG\u00c9S, SA A17043597 CTRA BRUNELLS S\/N 972 28 72 77 www. verges.design 1. Termes d&#8217;\u00fas 2. Pol\u00edtica de Privacitat. Compliment 3. Drets de Propietat Intel\u00b7lectual i Industrial 4. Pol\u00edtica de cookies 5. Jurisdicci\u00f3 i fur aplicable La present informaci\u00f3 legal regula l&#8217;\u00fas [&hellip;]<\/p>\n","protected":false},"author":3,"featured_media":0,"parent":0,"menu_order":0,"comment_status":"closed","ping_status":"closed","template":"templates\/text.php","meta":{"_acf_changed":false,"footnotes":""},"class_list":["post-2697","page","type-page","status-publish","hentry"],"acf":[],"yoast_head":"<!-- This site is optimized with the Yoast SEO plugin v25.6 - https:\/\/yoast.com\/wordpress\/plugins\/seo\/ -->\n<title>Pol\u00edtica privacitat p\u00e0gina web - Verg\u00e9s<\/title>\n<meta name=\"robots\" content=\"index, follow, max-snippet:-1, max-image-preview:large, max-video-preview:-1\" \/>\n<link rel=\"canonical\" href=\"https:\/\/verges.design\/ca\/politica-privacitat\/\" \/>\n<meta property=\"og:locale\" content=\"ca_ES\" \/>\n<meta property=\"og:type\" content=\"article\" \/>\n<meta property=\"og:title\" content=\"Pol\u00edtica privacitat p\u00e0gina web - Verg\u00e9s\" \/>\n<meta property=\"og:description\" content=\"Llei Org\u00e0nica de PROTECCI\u00d3 DE DADES I GARANTIA DE DRETS FONAMENTALS 3\/2018 SILLERIA VERG\u00c9S, SA A17043597 CTRA BRUNELLS S\/N 972 28 72 77 www. verges.design 1. Termes d&#8217;\u00fas 2. Pol\u00edtica de Privacitat. Compliment 3. Drets de Propietat Intel\u00b7lectual i Industrial 4. Pol\u00edtica de cookies 5. Jurisdicci\u00f3 i fur aplicable La present informaci\u00f3 legal regula l&#8217;\u00fas [&hellip;]\" \/>\n<meta property=\"og:url\" content=\"https:\/\/verges.design\/ca\/politica-privacitat\/\" \/>\n<meta property=\"og:site_name\" content=\"Verg\u00e9s\" \/>\n<meta property=\"article:modified_time\" content=\"2022-05-29T18:57:33+00:00\" \/>\n<meta name=\"twitter:card\" content=\"summary_large_image\" \/>\n<meta name=\"twitter:label1\" content=\"Temps estimat de lectura\" \/>\n\t<meta name=\"twitter:data1\" content=\"7 minuts\" \/>\n<script type=\"application\/ld+json\" class=\"yoast-schema-graph\">{\"@context\":\"https:\/\/schema.org\",\"@graph\":[{\"@type\":\"WebPage\",\"@id\":\"https:\/\/verges.design\/ca\/politica-privacitat\/\",\"url\":\"https:\/\/verges.design\/ca\/politica-privacitat\/\",\"name\":\"Pol\u00edtica privacitat p\u00e0gina web - Verg\u00e9s\",\"isPartOf\":{\"@id\":\"https:\/\/verges.design\/ca\/#website\"},\"datePublished\":\"2019-01-10T15:50:40+00:00\",\"dateModified\":\"2022-05-29T18:57:33+00:00\",\"breadcrumb\":{\"@id\":\"https:\/\/verges.design\/ca\/politica-privacitat\/#breadcrumb\"},\"inLanguage\":\"ca\",\"potentialAction\":[{\"@type\":\"ReadAction\",\"target\":[\"https:\/\/verges.design\/ca\/politica-privacitat\/\"]}]},{\"@type\":\"BreadcrumbList\",\"@id\":\"https:\/\/verges.design\/ca\/politica-privacitat\/#breadcrumb\",\"itemListElement\":[{\"@type\":\"ListItem\",\"position\":1,\"name\":\"Home\",\"item\":\"https:\/\/verges.design\/ca\/\"},{\"@type\":\"ListItem\",\"position\":2,\"name\":\"Pol\u00edtica privacitat p\u00e0gina web\"}]},{\"@type\":\"WebSite\",\"@id\":\"https:\/\/verges.design\/ca\/#website\",\"url\":\"https:\/\/verges.design\/ca\/\",\"name\":\"Verg\u00e9s\",\"description\":\"Las sillas y muebles Verg\u00e9s son el resultado de la conjunci\u00f3n de experiencia, vocaci\u00f3n, calidad y dise\u00f1o. Creamos muebles de dise\u00f1o para contract.\",\"potentialAction\":[{\"@type\":\"SearchAction\",\"target\":{\"@type\":\"EntryPoint\",\"urlTemplate\":\"https:\/\/verges.design\/ca\/?s={search_term_string}\"},\"query-input\":{\"@type\":\"PropertyValueSpecification\",\"valueRequired\":true,\"valueName\":\"search_term_string\"}}],\"inLanguage\":\"ca\"}]}<\/script>\n<!-- \/ Yoast SEO plugin. -->","yoast_head_json":{"title":"Pol\u00edtica privacitat p\u00e0gina web - Verg\u00e9s","robots":{"index":"index","follow":"follow","max-snippet":"max-snippet:-1","max-image-preview":"max-image-preview:large","max-video-preview":"max-video-preview:-1"},"canonical":"https:\/\/verges.design\/ca\/politica-privacitat\/","og_locale":"ca_ES","og_type":"article","og_title":"Pol\u00edtica privacitat p\u00e0gina web - Verg\u00e9s","og_description":"Llei Org\u00e0nica de PROTECCI\u00d3 DE DADES I GARANTIA DE DRETS FONAMENTALS 3\/2018 SILLERIA VERG\u00c9S, SA A17043597 CTRA BRUNELLS S\/N 972 28 72 77 www. verges.design 1. Termes d&#8217;\u00fas 2. Pol\u00edtica de Privacitat. Compliment 3. Drets de Propietat Intel\u00b7lectual i Industrial 4. Pol\u00edtica de cookies 5. Jurisdicci\u00f3 i fur aplicable La present informaci\u00f3 legal regula l&#8217;\u00fas [&hellip;]","og_url":"https:\/\/verges.design\/ca\/politica-privacitat\/","og_site_name":"Verg\u00e9s","article_modified_time":"2022-05-29T18:57:33+00:00","twitter_card":"summary_large_image","twitter_misc":{"Temps estimat de lectura":"7 minuts"},"schema":{"@context":"https:\/\/schema.org","@graph":[{"@type":"WebPage","@id":"https:\/\/verges.design\/ca\/politica-privacitat\/","url":"https:\/\/verges.design\/ca\/politica-privacitat\/","name":"Pol\u00edtica privacitat p\u00e0gina web - Verg\u00e9s","isPartOf":{"@id":"https:\/\/verges.design\/ca\/#website"},"datePublished":"2019-01-10T15:50:40+00:00","dateModified":"2022-05-29T18:57:33+00:00","breadcrumb":{"@id":"https:\/\/verges.design\/ca\/politica-privacitat\/#breadcrumb"},"inLanguage":"ca","potentialAction":[{"@type":"ReadAction","target":["https:\/\/verges.design\/ca\/politica-privacitat\/"]}]},{"@type":"BreadcrumbList","@id":"https:\/\/verges.design\/ca\/politica-privacitat\/#breadcrumb","itemListElement":[{"@type":"ListItem","position":1,"name":"Home","item":"https:\/\/verges.design\/ca\/"},{"@type":"ListItem","position":2,"name":"Pol\u00edtica privacitat p\u00e0gina web"}]},{"@type":"WebSite","@id":"https:\/\/verges.design\/ca\/#website","url":"https:\/\/verges.design\/ca\/","name":"Verg\u00e9s","description":"Las sillas y muebles Verg\u00e9s son el resultado de la conjunci\u00f3n de experiencia, vocaci\u00f3n, calidad y dise\u00f1o. Creamos muebles de dise\u00f1o para contract.","potentialAction":[{"@type":"SearchAction","target":{"@type":"EntryPoint","urlTemplate":"https:\/\/verges.design\/ca\/?s={search_term_string}"},"query-input":{"@type":"PropertyValueSpecification","valueRequired":true,"valueName":"search_term_string"}}],"inLanguage":"ca"}]}},"_links":{"self":[{"href":"https:\/\/verges.design\/ca\/wp-json\/wp\/v2\/pages\/2697"}],"collection":[{"href":"https:\/\/verges.design\/ca\/wp-json\/wp\/v2\/pages"}],"about":[{"href":"https:\/\/verges.design\/ca\/wp-json\/wp\/v2\/types\/page"}],"author":[{"embeddable":true,"href":"https:\/\/verges.design\/ca\/wp-json\/wp\/v2\/users\/3"}],"replies":[{"embeddable":true,"href":"https:\/\/verges.design\/ca\/wp-json\/wp\/v2\/comments?post=2697"}],"version-history":[{"count":8,"href":"https:\/\/verges.design\/ca\/wp-json\/wp\/v2\/pages\/2697\/revisions"}],"predecessor-version":[{"id":11897,"href":"https:\/\/verges.design\/ca\/wp-json\/wp\/v2\/pages\/2697\/revisions\/11897"}],"wp:attachment":[{"href":"https:\/\/verges.design\/ca\/wp-json\/wp\/v2\/media?parent=2697"}],"curies":[{"name":"wp","href":"https:\/\/api.w.org\/{rel}","templated":true}]}}