{"id":2635,"date":"2019-01-10T15:50:40","date_gmt":"2019-01-10T15:50:40","guid":{"rendered":"https:\/\/verges.design\/sample-page\/"},"modified":"2026-04-08T13:40:25","modified_gmt":"2026-04-08T13:40:25","slug":"sample-page","status":"publish","type":"page","link":"https:\/\/verges.design\/ca\/","title":{"rendered":"Home"},"content":{"rendered":"","protected":false},"excerpt":{"rendered":"","protected":false},"author":3,"featured_media":0,"parent":0,"menu_order":0,"comment_status":"closed","ping_status":"closed","template":"templates\/home.php","meta":{"_acf_changed":false,"footnotes":""},"class_list":["post-2635","page","type-page","status-publish","hentry"],"acf":[],"yoast_head":"<!-- This site is optimized with the Yoast SEO plugin v25.6 - https:\/\/yoast.com\/wordpress\/plugins\/seo\/ -->\n<title>Verg\u00e9s - Contemporary chairs and furniture<\/title>\n<meta name=\"description\" content=\"Les cadires i mobles Verg\u00e9s s\u00f3n el resultat de la conjunci\u00f3 d\u2019experi\u00e8ncia, vocaci\u00f3, qualitat i disseny.\" \/>\n<meta name=\"robots\" content=\"index, follow, max-snippet:-1, max-image-preview:large, max-video-preview:-1\" \/>\n<link rel=\"canonical\" href=\"https:\/\/verges.design\/ca\/\" \/>\n<meta property=\"og:locale\" content=\"ca_ES\" \/>\n<meta property=\"og:type\" content=\"article\" \/>\n<meta property=\"og:title\" content=\"Verg\u00e9s - Contemporary chairs and furniture\" \/>\n<meta property=\"og:description\" content=\"Les cadires i mobles Verg\u00e9s s\u00f3n el resultat de la conjunci\u00f3 d\u2019experi\u00e8ncia, vocaci\u00f3, qualitat i disseny.\" \/>\n<meta property=\"og:url\" content=\"https:\/\/verges.design\/ca\/\" \/>\n<meta property=\"og:site_name\" content=\"Verg\u00e9s\" \/>\n<meta property=\"article:modified_time\" content=\"2026-04-08T13:40:25+00:00\" \/>\n<meta name=\"twitter:card\" content=\"summary_large_image\" \/>\n<script type=\"application\/ld+json\" class=\"yoast-schema-graph\">{\"@context\":\"https:\/\/schema.org\",\"@graph\":[{\"@type\":\"WebPage\",\"@id\":\"https:\/\/verges.design\/ca\/\",\"url\":\"https:\/\/verges.design\/ca\/\",\"name\":\"Verg\u00e9s - Contemporary chairs and furniture\",\"isPartOf\":{\"@id\":\"https:\/\/verges.design\/ca\/#website\"},\"datePublished\":\"2019-01-10T15:50:40+00:00\",\"dateModified\":\"2026-04-08T13:40:25+00:00\",\"description\":\"Les cadires i mobles Verg\u00e9s s\u00f3n el resultat de la conjunci\u00f3 d\u2019experi\u00e8ncia, vocaci\u00f3, qualitat i disseny.\",\"breadcrumb\":{\"@id\":\"https:\/\/verges.design\/ca\/#breadcrumb\"},\"inLanguage\":\"ca\",\"potentialAction\":[{\"@type\":\"ReadAction\",\"target\":[\"https:\/\/verges.design\/ca\/\"]}]},{\"@type\":\"BreadcrumbList\",\"@id\":\"https:\/\/verges.design\/ca\/#breadcrumb\",\"itemListElement\":[{\"@type\":\"ListItem\",\"position\":1,\"name\":\"Home\",\"item\":\"https:\/\/verges.design\/ca\/\"},{\"@type\":\"ListItem\",\"position\":2,\"name\":\"Home\"}]},{\"@type\":\"WebSite\",\"@id\":\"https:\/\/verges.design\/ca\/#website\",\"url\":\"https:\/\/verges.design\/ca\/\",\"name\":\"Verg\u00e9s\",\"description\":\"Las sillas y muebles Verg\u00e9s son el resultado de la conjunci\u00f3n de experiencia, vocaci\u00f3n, calidad y dise\u00f1o. Creamos muebles de dise\u00f1o para contract.\",\"potentialAction\":[{\"@type\":\"SearchAction\",\"target\":{\"@type\":\"EntryPoint\",\"urlTemplate\":\"https:\/\/verges.design\/ca\/?s={search_term_string}\"},\"query-input\":{\"@type\":\"PropertyValueSpecification\",\"valueRequired\":true,\"valueName\":\"search_term_string\"}}],\"inLanguage\":\"ca\"}]}<\/script>\n<!-- \/ Yoast SEO plugin. -->","yoast_head_json":{"title":"Verg\u00e9s - Contemporary chairs and furniture","description":"Les cadires i mobles Verg\u00e9s s\u00f3n el resultat de la conjunci\u00f3 d\u2019experi\u00e8ncia, vocaci\u00f3, qualitat i disseny.","robots":{"index":"index","follow":"follow","max-snippet":"max-snippet:-1","max-image-preview":"max-image-preview:large","max-video-preview":"max-video-preview:-1"},"canonical":"https:\/\/verges.design\/ca\/","og_locale":"ca_ES","og_type":"article","og_title":"Verg\u00e9s - Contemporary chairs and furniture","og_description":"Les cadires i mobles Verg\u00e9s s\u00f3n el resultat de la conjunci\u00f3 d\u2019experi\u00e8ncia, vocaci\u00f3, qualitat i disseny.","og_url":"https:\/\/verges.design\/ca\/","og_site_name":"Verg\u00e9s","article_modified_time":"2026-04-08T13:40:25+00:00","twitter_card":"summary_large_image","schema":{"@context":"https:\/\/schema.org","@graph":[{"@type":"WebPage","@id":"https:\/\/verges.design\/ca\/","url":"https:\/\/verges.design\/ca\/","name":"Verg\u00e9s - Contemporary chairs and furniture","isPartOf":{"@id":"https:\/\/verges.design\/ca\/#website"},"datePublished":"2019-01-10T15:50:40+00:00","dateModified":"2026-04-08T13:40:25+00:00","description":"Les cadires i mobles Verg\u00e9s s\u00f3n el resultat de la conjunci\u00f3 d\u2019experi\u00e8ncia, vocaci\u00f3, qualitat i disseny.","breadcrumb":{"@id":"https:\/\/verges.design\/ca\/#breadcrumb"},"inLanguage":"ca","potentialAction":[{"@type":"ReadAction","target":["https:\/\/verges.design\/ca\/"]}]},{"@type":"BreadcrumbList","@id":"https:\/\/verges.design\/ca\/#breadcrumb","itemListElement":[{"@type":"ListItem","position":1,"name":"Home","item":"https:\/\/verges.design\/ca\/"},{"@type":"ListItem","position":2,"name":"Home"}]},{"@type":"WebSite","@id":"https:\/\/verges.design\/ca\/#website","url":"https:\/\/verges.design\/ca\/","name":"Verg\u00e9s","description":"Las sillas y muebles Verg\u00e9s son el resultado de la conjunci\u00f3n de experiencia, vocaci\u00f3n, calidad y dise\u00f1o. Creamos muebles de dise\u00f1o para contract.","potentialAction":[{"@type":"SearchAction","target":{"@type":"EntryPoint","urlTemplate":"https:\/\/verges.design\/ca\/?s={search_term_string}"},"query-input":{"@type":"PropertyValueSpecification","valueRequired":true,"valueName":"search_term_string"}}],"inLanguage":"ca"}]}},"_links":{"self":[{"href":"https:\/\/verges.design\/ca\/wp-json\/wp\/v2\/pages\/2635"}],"collection":[{"href":"https:\/\/verges.design\/ca\/wp-json\/wp\/v2\/pages"}],"about":[{"href":"https:\/\/verges.design\/ca\/wp-json\/wp\/v2\/types\/page"}],"author":[{"embeddable":true,"href":"https:\/\/verges.design\/ca\/wp-json\/wp\/v2\/users\/3"}],"replies":[{"embeddable":true,"href":"https:\/\/verges.design\/ca\/wp-json\/wp\/v2\/comments?post=2635"}],"version-history":[{"count":60,"href":"https:\/\/verges.design\/ca\/wp-json\/wp\/v2\/pages\/2635\/revisions"}],"predecessor-version":[{"id":27288,"href":"https:\/\/verges.design\/ca\/wp-json\/wp\/v2\/pages\/2635\/revisions\/27288"}],"wp:attachment":[{"href":"https:\/\/verges.design\/ca\/wp-json\/wp\/v2\/media?parent=2635"}],"curies":[{"name":"wp","href":"https:\/\/api.w.org\/{rel}","templated":true}]}}