{"id":16249,"date":"2024-02-21T07:30:36","date_gmt":"2024-02-21T07:30:36","guid":{"rendered":"https:\/\/verges.design\/products\/"},"modified":"2024-03-26T12:43:56","modified_gmt":"2024-03-26T12:43:56","slug":"products","status":"publish","type":"page","link":"https:\/\/verges.design\/ca\/products\/","title":{"rendered":"Products"},"content":{"rendered":"<p>Verg\u00e9s chairs and furniture are the result of a combination of experience, vocation, quality and design. A family company born in Tortell\u00e0, a town in Alta Garrotxa, Verg\u00e9s has been carrying out its business in the same location 50 years ago. Such continuance provides insight into the company\u2019s philosophy, personality and way of working.<\/p>\n","protected":false},"excerpt":{"rendered":"<p>Verg\u00e9s chairs and furniture are the result of a combination of experience, vocation, quality and design. A family company born in Tortell\u00e0, a town in Alta Garrotxa, Verg\u00e9s has been carrying out its business in the same location 50 years ago. Such continuance provides insight into the company\u2019s philosophy, personality and way of working.<\/p>\n","protected":false},"author":3,"featured_media":0,"parent":0,"menu_order":0,"comment_status":"closed","ping_status":"closed","template":"templates\/product-listing.php","meta":{"_acf_changed":false,"footnotes":""},"class_list":["post-16249","page","type-page","status-publish","hentry"],"acf":[],"yoast_head":"<!-- This site is optimized with the Yoast SEO plugin v25.6 - https:\/\/yoast.com\/wordpress\/plugins\/seo\/ -->\n<title>Products - Verg\u00e9s<\/title>\n<meta name=\"robots\" content=\"index, follow, max-snippet:-1, max-image-preview:large, max-video-preview:-1\" \/>\n<link rel=\"canonical\" href=\"https:\/\/verges.design\/ca\/products\/\" \/>\n<meta property=\"og:locale\" content=\"ca_ES\" \/>\n<meta property=\"og:type\" content=\"article\" \/>\n<meta property=\"og:title\" content=\"Products - Verg\u00e9s\" \/>\n<meta property=\"og:description\" content=\"Verg\u00e9s chairs and furniture are the result of a combination of experience, vocation, quality and design. A family company born in Tortell\u00e0, a town in Alta Garrotxa, Verg\u00e9s has been carrying out its business in the same location 50 years ago. Such continuance provides insight into the company\u2019s philosophy, personality and way of working.\" \/>\n<meta property=\"og:url\" content=\"https:\/\/verges.design\/ca\/products\/\" \/>\n<meta property=\"og:site_name\" content=\"Verg\u00e9s\" \/>\n<meta property=\"article:modified_time\" content=\"2024-03-26T12:43:56+00:00\" \/>\n<meta name=\"twitter:card\" content=\"summary_large_image\" \/>\n<meta name=\"twitter:label1\" content=\"Temps estimat de lectura\" \/>\n\t<meta name=\"twitter:data1\" content=\"1 minut\" \/>\n<script type=\"application\/ld+json\" class=\"yoast-schema-graph\">{\"@context\":\"https:\/\/schema.org\",\"@graph\":[{\"@type\":\"WebPage\",\"@id\":\"https:\/\/verges.design\/ca\/products\/\",\"url\":\"https:\/\/verges.design\/ca\/products\/\",\"name\":\"Products - Verg\u00e9s\",\"isPartOf\":{\"@id\":\"https:\/\/verges.design\/ca\/#website\"},\"datePublished\":\"2024-02-21T07:30:36+00:00\",\"dateModified\":\"2024-03-26T12:43:56+00:00\",\"breadcrumb\":{\"@id\":\"https:\/\/verges.design\/ca\/products\/#breadcrumb\"},\"inLanguage\":\"ca\",\"potentialAction\":[{\"@type\":\"ReadAction\",\"target\":[\"https:\/\/verges.design\/ca\/products\/\"]}]},{\"@type\":\"BreadcrumbList\",\"@id\":\"https:\/\/verges.design\/ca\/products\/#breadcrumb\",\"itemListElement\":[{\"@type\":\"ListItem\",\"position\":1,\"name\":\"Home\",\"item\":\"https:\/\/verges.design\/ca\/\"},{\"@type\":\"ListItem\",\"position\":2,\"name\":\"Products\"}]},{\"@type\":\"WebSite\",\"@id\":\"https:\/\/verges.design\/ca\/#website\",\"url\":\"https:\/\/verges.design\/ca\/\",\"name\":\"Verg\u00e9s\",\"description\":\"Las sillas y muebles Verg\u00e9s son el resultado de la conjunci\u00f3n de experiencia, vocaci\u00f3n, calidad y dise\u00f1o. Creamos muebles de dise\u00f1o para contract.\",\"potentialAction\":[{\"@type\":\"SearchAction\",\"target\":{\"@type\":\"EntryPoint\",\"urlTemplate\":\"https:\/\/verges.design\/ca\/?s={search_term_string}\"},\"query-input\":{\"@type\":\"PropertyValueSpecification\",\"valueRequired\":true,\"valueName\":\"search_term_string\"}}],\"inLanguage\":\"ca\"}]}<\/script>\n<!-- \/ Yoast SEO plugin. -->","yoast_head_json":{"title":"Products - Verg\u00e9s","robots":{"index":"index","follow":"follow","max-snippet":"max-snippet:-1","max-image-preview":"max-image-preview:large","max-video-preview":"max-video-preview:-1"},"canonical":"https:\/\/verges.design\/ca\/products\/","og_locale":"ca_ES","og_type":"article","og_title":"Products - Verg\u00e9s","og_description":"Verg\u00e9s chairs and furniture are the result of a combination of experience, vocation, quality and design. A family company born in Tortell\u00e0, a town in Alta Garrotxa, Verg\u00e9s has been carrying out its business in the same location 50 years ago. Such continuance provides insight into the company\u2019s philosophy, personality and way of working.","og_url":"https:\/\/verges.design\/ca\/products\/","og_site_name":"Verg\u00e9s","article_modified_time":"2024-03-26T12:43:56+00:00","twitter_card":"summary_large_image","twitter_misc":{"Temps estimat de lectura":"1 minut"},"schema":{"@context":"https:\/\/schema.org","@graph":[{"@type":"WebPage","@id":"https:\/\/verges.design\/ca\/products\/","url":"https:\/\/verges.design\/ca\/products\/","name":"Products - Verg\u00e9s","isPartOf":{"@id":"https:\/\/verges.design\/ca\/#website"},"datePublished":"2024-02-21T07:30:36+00:00","dateModified":"2024-03-26T12:43:56+00:00","breadcrumb":{"@id":"https:\/\/verges.design\/ca\/products\/#breadcrumb"},"inLanguage":"ca","potentialAction":[{"@type":"ReadAction","target":["https:\/\/verges.design\/ca\/products\/"]}]},{"@type":"BreadcrumbList","@id":"https:\/\/verges.design\/ca\/products\/#breadcrumb","itemListElement":[{"@type":"ListItem","position":1,"name":"Home","item":"https:\/\/verges.design\/ca\/"},{"@type":"ListItem","position":2,"name":"Products"}]},{"@type":"WebSite","@id":"https:\/\/verges.design\/ca\/#website","url":"https:\/\/verges.design\/ca\/","name":"Verg\u00e9s","description":"Las sillas y muebles Verg\u00e9s son el resultado de la conjunci\u00f3n de experiencia, vocaci\u00f3n, calidad y dise\u00f1o. Creamos muebles de dise\u00f1o para contract.","potentialAction":[{"@type":"SearchAction","target":{"@type":"EntryPoint","urlTemplate":"https:\/\/verges.design\/ca\/?s={search_term_string}"},"query-input":{"@type":"PropertyValueSpecification","valueRequired":true,"valueName":"search_term_string"}}],"inLanguage":"ca"}]}},"_links":{"self":[{"href":"https:\/\/verges.design\/ca\/wp-json\/wp\/v2\/pages\/16249"}],"collection":[{"href":"https:\/\/verges.design\/ca\/wp-json\/wp\/v2\/pages"}],"about":[{"href":"https:\/\/verges.design\/ca\/wp-json\/wp\/v2\/types\/page"}],"author":[{"embeddable":true,"href":"https:\/\/verges.design\/ca\/wp-json\/wp\/v2\/users\/3"}],"replies":[{"embeddable":true,"href":"https:\/\/verges.design\/ca\/wp-json\/wp\/v2\/comments?post=16249"}],"version-history":[{"count":14,"href":"https:\/\/verges.design\/ca\/wp-json\/wp\/v2\/pages\/16249\/revisions"}],"predecessor-version":[{"id":16410,"href":"https:\/\/verges.design\/ca\/wp-json\/wp\/v2\/pages\/16249\/revisions\/16410"}],"wp:attachment":[{"href":"https:\/\/verges.design\/ca\/wp-json\/wp\/v2\/media?parent=16249"}],"curies":[{"name":"wp","href":"https:\/\/api.w.org\/{rel}","templated":true}]}}