{"id":11705,"date":"2022-05-29T15:36:30","date_gmt":"2022-05-29T15:36:30","guid":{"rendered":"https:\/\/verges.design\/typologies\/"},"modified":"2022-12-14T12:33:11","modified_gmt":"2022-12-14T12:33:11","slug":"typologies","status":"publish","type":"page","link":"https:\/\/verges.design\/ca\/typologies\/","title":{"rendered":"Typologies"},"content":{"rendered":"","protected":false},"excerpt":{"rendered":"","protected":false},"author":3,"featured_media":0,"parent":0,"menu_order":0,"comment_status":"closed","ping_status":"closed","template":"templates\/typologies.php","meta":{"_acf_changed":false,"footnotes":""},"class_list":["post-11705","page","type-page","status-publish","hentry"],"acf":[],"yoast_head":"<!-- This site is optimized with the Yoast SEO plugin v25.6 - https:\/\/yoast.com\/wordpress\/plugins\/seo\/ -->\n<title>Typologies - Verg\u00e9s<\/title>\n<meta name=\"robots\" content=\"index, follow, max-snippet:-1, max-image-preview:large, max-video-preview:-1\" \/>\n<link rel=\"canonical\" href=\"https:\/\/verges.design\/ca\/typologies\/\" \/>\n<meta property=\"og:locale\" content=\"ca_ES\" \/>\n<meta property=\"og:type\" content=\"article\" \/>\n<meta property=\"og:title\" content=\"Typologies - Verg\u00e9s\" \/>\n<meta property=\"og:url\" content=\"https:\/\/verges.design\/ca\/typologies\/\" \/>\n<meta property=\"og:site_name\" content=\"Verg\u00e9s\" \/>\n<meta property=\"article:modified_time\" content=\"2022-12-14T12:33:11+00:00\" \/>\n<meta name=\"twitter:card\" content=\"summary_large_image\" \/>\n<script type=\"application\/ld+json\" class=\"yoast-schema-graph\">{\"@context\":\"https:\/\/schema.org\",\"@graph\":[{\"@type\":\"WebPage\",\"@id\":\"https:\/\/verges.design\/ca\/typologies\/\",\"url\":\"https:\/\/verges.design\/ca\/typologies\/\",\"name\":\"Typologies - Verg\u00e9s\",\"isPartOf\":{\"@id\":\"https:\/\/verges.design\/ca\/#website\"},\"datePublished\":\"2022-05-29T15:36:30+00:00\",\"dateModified\":\"2022-12-14T12:33:11+00:00\",\"breadcrumb\":{\"@id\":\"https:\/\/verges.design\/ca\/typologies\/#breadcrumb\"},\"inLanguage\":\"ca\",\"potentialAction\":[{\"@type\":\"ReadAction\",\"target\":[\"https:\/\/verges.design\/ca\/typologies\/\"]}]},{\"@type\":\"BreadcrumbList\",\"@id\":\"https:\/\/verges.design\/ca\/typologies\/#breadcrumb\",\"itemListElement\":[{\"@type\":\"ListItem\",\"position\":1,\"name\":\"Home\",\"item\":\"https:\/\/verges.design\/ca\/\"},{\"@type\":\"ListItem\",\"position\":2,\"name\":\"Typologies\"}]},{\"@type\":\"WebSite\",\"@id\":\"https:\/\/verges.design\/ca\/#website\",\"url\":\"https:\/\/verges.design\/ca\/\",\"name\":\"Verg\u00e9s\",\"description\":\"Las sillas y muebles Verg\u00e9s son el resultado de la conjunci\u00f3n de experiencia, vocaci\u00f3n, calidad y dise\u00f1o. Creamos muebles de dise\u00f1o para contract.\",\"potentialAction\":[{\"@type\":\"SearchAction\",\"target\":{\"@type\":\"EntryPoint\",\"urlTemplate\":\"https:\/\/verges.design\/ca\/?s={search_term_string}\"},\"query-input\":{\"@type\":\"PropertyValueSpecification\",\"valueRequired\":true,\"valueName\":\"search_term_string\"}}],\"inLanguage\":\"ca\"}]}<\/script>\n<!-- \/ Yoast SEO plugin. -->","yoast_head_json":{"title":"Typologies - Verg\u00e9s","robots":{"index":"index","follow":"follow","max-snippet":"max-snippet:-1","max-image-preview":"max-image-preview:large","max-video-preview":"max-video-preview:-1"},"canonical":"https:\/\/verges.design\/ca\/typologies\/","og_locale":"ca_ES","og_type":"article","og_title":"Typologies - Verg\u00e9s","og_url":"https:\/\/verges.design\/ca\/typologies\/","og_site_name":"Verg\u00e9s","article_modified_time":"2022-12-14T12:33:11+00:00","twitter_card":"summary_large_image","schema":{"@context":"https:\/\/schema.org","@graph":[{"@type":"WebPage","@id":"https:\/\/verges.design\/ca\/typologies\/","url":"https:\/\/verges.design\/ca\/typologies\/","name":"Typologies - Verg\u00e9s","isPartOf":{"@id":"https:\/\/verges.design\/ca\/#website"},"datePublished":"2022-05-29T15:36:30+00:00","dateModified":"2022-12-14T12:33:11+00:00","breadcrumb":{"@id":"https:\/\/verges.design\/ca\/typologies\/#breadcrumb"},"inLanguage":"ca","potentialAction":[{"@type":"ReadAction","target":["https:\/\/verges.design\/ca\/typologies\/"]}]},{"@type":"BreadcrumbList","@id":"https:\/\/verges.design\/ca\/typologies\/#breadcrumb","itemListElement":[{"@type":"ListItem","position":1,"name":"Home","item":"https:\/\/verges.design\/ca\/"},{"@type":"ListItem","position":2,"name":"Typologies"}]},{"@type":"WebSite","@id":"https:\/\/verges.design\/ca\/#website","url":"https:\/\/verges.design\/ca\/","name":"Verg\u00e9s","description":"Las sillas y muebles Verg\u00e9s son el resultado de la conjunci\u00f3n de experiencia, vocaci\u00f3n, calidad y dise\u00f1o. Creamos muebles de dise\u00f1o para contract.","potentialAction":[{"@type":"SearchAction","target":{"@type":"EntryPoint","urlTemplate":"https:\/\/verges.design\/ca\/?s={search_term_string}"},"query-input":{"@type":"PropertyValueSpecification","valueRequired":true,"valueName":"search_term_string"}}],"inLanguage":"ca"}]}},"_links":{"self":[{"href":"https:\/\/verges.design\/ca\/wp-json\/wp\/v2\/pages\/11705"}],"collection":[{"href":"https:\/\/verges.design\/ca\/wp-json\/wp\/v2\/pages"}],"about":[{"href":"https:\/\/verges.design\/ca\/wp-json\/wp\/v2\/types\/page"}],"author":[{"embeddable":true,"href":"https:\/\/verges.design\/ca\/wp-json\/wp\/v2\/users\/3"}],"replies":[{"embeddable":true,"href":"https:\/\/verges.design\/ca\/wp-json\/wp\/v2\/comments?post=11705"}],"version-history":[{"count":21,"href":"https:\/\/verges.design\/ca\/wp-json\/wp\/v2\/pages\/11705\/revisions"}],"predecessor-version":[{"id":12550,"href":"https:\/\/verges.design\/ca\/wp-json\/wp\/v2\/pages\/11705\/revisions\/12550"}],"wp:attachment":[{"href":"https:\/\/verges.design\/ca\/wp-json\/wp\/v2\/media?parent=11705"}],"curies":[{"name":"wp","href":"https:\/\/api.w.org\/{rel}","templated":true}]}}